{"id":6120,"date":"2025-03-12T16:46:18","date_gmt":"2025-03-12T16:46:18","guid":{"rendered":"https:\/\/imagine-4d.com\/privacy-policy\/"},"modified":"2025-09-22T03:08:26","modified_gmt":"2025-09-22T03:08:26","slug":"politique-de-confidentialite","status":"publish","type":"page","link":"https:\/\/imagine-4d.com\/fr\/politique-de-confidentialite\/","title":{"rendered":"Politique de confidentialit\u00e9"},"content":{"rendered":"\n<h2 class=\"wp-block-heading has-black-color has-text-color has-link-color wp-elements-9c133ee4b95e9e798f676d9b644b0fb6\"><\/h2>\n\n<p class=\"has-black-color has-text-color has-link-color wp-elements-48756bac8a5f48f1f76ba0e11dcdc450\"> Imagine 4D Inc. prend les questions de confidentialit\u00e9 tr\u00e8s au s\u00e9rieux et adopte toutes les mesures n\u00e9cessaires pour assurer la confidentialit\u00e9 des informations qui vous concernent personnellement.<\/p>\n\n<p class=\"has-black-color has-text-color has-link-color wp-elements-ba6ae38ee0cd474009ac3df11028d178\">Par \u00ab informations personnelles \u00bb, nous entendons toute information vous concernant que vous fournissez volontairement et qui est utilis\u00e9e pour vous identifier.<\/p>\n\n<h5 class=\"wp-block-heading\"><\/h5>\n\n<h2 class=\"wp-block-heading has-black-color has-text-color has-link-color wp-elements-523f4ff1b793d0dd03170593c2b06741\">Protection des informations personnelles sur imagine-4D.com<\/h2>\n\n<p class=\"has-black-color has-text-color has-link-color wp-elements-f606001a8304f746bff2bb76f8a2761e\">Les informations personnelles obtenues via <a href=\"https:\/\/imagine-4d.com\/fr\/\">imagine-4D.com<\/a> sont strictement confidentielles. Les seuls employ\u00e9s ayant acc\u00e8s \u00e0 ces informations personnelles sont ceux autoris\u00e9s \u00e0 traiter les demandes de renseignements ou les requ\u00eates concernant les informations fournies. Sauf lorsque cela est requis pour fournir un service auquel vous vous \u00eates inscrit ou pour donner effet \u00e0 une ordonnance judiciaire, les informations personnelles ne seront jamais rendues publiques, vendues ou divulgu\u00e9es \u00e0 des tiers sans votre consentement. Imagine 4D Inc. applique diverses r\u00e8gles pour prot\u00e9ger vos informations personnelles. Nous ne divulguons aucune information sur nos membres sans leur consentement.    <\/p>\n\n<p><\/p>\n\n<h2 class=\"wp-block-heading has-black-color has-text-color has-link-color wp-elements-07f32e5f4956939380a336d614e28331\">Pourquoi collectons-nous des informations personnelles sur imagine-4D.com ?<\/h2>\n\n<p class=\"has-black-color has-text-color has-link-color wp-elements-e047d156f705f78219a8ed699a895cdc\">Les informations personnelles que nous obtenons \u00e0 votre sujet via <strong>w<a href=\"https:\/\/imagine-4d.com\/fr\/\">ww.imagine-4D.com<\/a><\/strong> sont utilis\u00e9es pour traiter les demandes en ligne que vous nous soumettez.<\/p>\n\n<h2 class=\"wp-block-heading has-black-color has-text-color has-link-color wp-elements-6bfc10fbb2670098c494f110349f330b\">Cookies<\/h2>\n\n<p class=\"has-black-color has-text-color has-link-color wp-elements-7cead67373a9297988ea32bf2f3a3f20\">Des cookies sont utilis\u00e9s sur<a href=\"https:\/\/imagine-4d.com\/fr\/\"> imagine-4D.com<\/a>. Ils identifient votre logiciel de navigation lorsque vous passez de site en site ou de page en page pendant une session web. Ces informations peuvent ensuite \u00eatre utilis\u00e9es pour faciliter votre acc\u00e8s \u00e0 un site et votre capacit\u00e9 \u00e0 naviguer dans le site. Les cookies ne peuvent \u00eatre lus que par le site web qui les envoie \u00e0 votre ordinateur. Des fournisseurs tiers, incluant Google, affichent vos annonces sur des sites internet. Les fournisseurs tiers, incluant Google, utilisent des cookies pour diffuser des annonces bas\u00e9es sur les visites ant\u00e9rieures d&rsquo;un utilisateur sur votre site web. Les utilisateurs peuvent d\u00e9sactiver l&rsquo;utilisation de cookies par Google en visitant la <strong>[<a href=\"https:\/\/www.google.com\/policies\/privacy\/ads\/\">page de d\u00e9sactivation publicitaire de Google<\/a>]<\/strong>.    <\/p>\n\n<p><\/p>\n\n<p><\/p>\n\n<p><\/p>\n\n<h2 class=\"wp-block-heading has-black-color has-text-color has-link-color wp-elements-265a39ccd86b993aca94a6bcad6e34e6\">Liens vers des sites internet tiers<\/h2>\n\n<p class=\"has-black-color has-text-color has-link-color wp-elements-d511b2802482559da93cd46ceee26cc0\">Pour votre commodit\u00e9, <a href=\"https:\/\/imagine-4d.com\/fr\/\">imagine-4D.com<\/a> fournit des liens vers les sites de tiers ou vers des parties de leurs sites. Cependant, Imagine 4D Inc. n&rsquo;a aucun contr\u00f4le sur le contenu ou le fonctionnement de ces sites, ni ne contr\u00f4le les pratiques de confidentialit\u00e9 ou de protection de la vie priv\u00e9e des op\u00e9rateurs de sites. Par cons\u00e9quent, toute information personnelle que vous soumettez par l&rsquo;interm\u00e9diaire de ces sites est r\u00e9gie par les politiques de confidentialit\u00e9 des sites en question. Il est donc de votre responsabilit\u00e9 de vous renseigner sur leurs politiques afin de prot\u00e9ger les informations qui vous concernent.   <\/p>\n\n<p><\/p>\n\n<h2 class=\"wp-block-heading has-black-color has-text-color has-link-color wp-elements-ae008fcb72e9463637c08b07a2df381a\">Politique relative aux courriels<\/h2>\n\n<p class=\"has-black-color has-text-color has-link-color wp-elements-ac90ca9e30603ca675aa6d89afd31199\"> Imagine 4D Inc. ne proc\u00e8de \u00e0 aucune sollicitation d&rsquo;informations personnelles et confidentielles par e-mail ou par tout autre moyen.<\/p>\n\n<h2 class=\"wp-block-heading\"><\/h2>\n\n<p><\/p>\n\n<p><\/p>\n\n<h2 class=\"wp-block-heading\"><\/h2>\n\n<p><\/p>\n\n<h2 class=\"wp-block-heading\"><\/h2>\n\n<p><\/p>\n","protected":false},"excerpt":{"rendered":"<p>Imagine 4D Inc. prend les questions de confidentialit\u00e9 tr\u00e8s au s\u00e9rieux et adopte toutes les mesures n\u00e9cessaires pour assurer la confidentialit\u00e9 des informations qui vous concernent personnellement. Par \u00ab informations personnelles \u00bb, nous entendons toute information vous concernant que vous fournissez volontairement et qui est utilis\u00e9e pour vous identifier. Protection des informations personnelles sur imagine-4D.com [&hellip;]<\/p>\n","protected":false},"author":4,"featured_media":0,"parent":0,"menu_order":0,"comment_status":"closed","ping_status":"closed","template":"","meta":{"_monsterinsights_skip_tracking":false,"_monsterinsights_sitenote_active":false,"_monsterinsights_sitenote_note":"","_monsterinsights_sitenote_category":0,"footnotes":""},"class_list":["post-6120","page","type-page","status-publish","hentry"],"acf":[],"yoast_head":"<!-- This site is optimized with the Yoast SEO plugin v27.3 - https:\/\/yoast.com\/product\/yoast-seo-wordpress\/ -->\n<title>Politique de confidentialit\u00e9 - Imagine 4D<\/title>\n<meta name=\"robots\" content=\"index, follow, max-snippet:-1, max-image-preview:large, max-video-preview:-1\" \/>\n<link rel=\"canonical\" href=\"https:\/\/imagine-4d.com\/fr\/politique-de-confidentialite\/\" \/>\n<meta property=\"og:locale\" content=\"fr_FR\" \/>\n<meta property=\"og:type\" content=\"article\" \/>\n<meta property=\"og:title\" content=\"Politique de confidentialit\u00e9 - Imagine 4D\" \/>\n<meta property=\"og:description\" content=\"Imagine 4D Inc. prend les questions de confidentialit\u00e9 tr\u00e8s au s\u00e9rieux et adopte toutes les mesures n\u00e9cessaires pour assurer la confidentialit\u00e9 des informations qui vous concernent personnellement. Par \u00ab informations personnelles \u00bb, nous entendons toute information vous concernant que vous fournissez volontairement et qui est utilis\u00e9e pour vous identifier. Protection des informations personnelles sur imagine-4D.com [&hellip;]\" \/>\n<meta property=\"og:url\" content=\"https:\/\/imagine-4d.com\/fr\/politique-de-confidentialite\/\" \/>\n<meta property=\"og:site_name\" content=\"Imagine 4D\" \/>\n<meta property=\"article:modified_time\" content=\"2025-09-22T03:08:26+00:00\" \/>\n<meta name=\"twitter:card\" content=\"summary_large_image\" \/>\n<meta name=\"twitter:label1\" content=\"Dur\u00e9e de lecture estim\u00e9e\" \/>\n\t<meta name=\"twitter:data1\" content=\"2 minutes\" \/>\n<script type=\"application\/ld+json\" class=\"yoast-schema-graph\">{\"@context\":\"https:\\\/\\\/schema.org\",\"@graph\":[{\"@type\":\"WebPage\",\"@id\":\"https:\\\/\\\/imagine-4d.com\\\/fr\\\/politique-de-confidentialite\\\/\",\"url\":\"https:\\\/\\\/imagine-4d.com\\\/fr\\\/politique-de-confidentialite\\\/\",\"name\":\"Politique de confidentialit\u00e9 - Imagine 4D\",\"isPartOf\":{\"@id\":\"\\\/#website\"},\"datePublished\":\"2025-03-12T16:46:18+00:00\",\"dateModified\":\"2025-09-22T03:08:26+00:00\",\"breadcrumb\":{\"@id\":\"https:\\\/\\\/imagine-4d.com\\\/fr\\\/politique-de-confidentialite\\\/#breadcrumb\"},\"inLanguage\":\"fr-FR\",\"potentialAction\":[{\"@type\":\"ReadAction\",\"target\":[\"https:\\\/\\\/imagine-4d.com\\\/fr\\\/politique-de-confidentialite\\\/\"]}]},{\"@type\":\"BreadcrumbList\",\"@id\":\"https:\\\/\\\/imagine-4d.com\\\/fr\\\/politique-de-confidentialite\\\/#breadcrumb\",\"itemListElement\":[{\"@type\":\"ListItem\",\"position\":1,\"name\":\"Accueil\",\"item\":\"https:\\\/\\\/imagine-4d.com\\\/fr\\\/\"},{\"@type\":\"ListItem\",\"position\":2,\"name\":\"Politique de confidentialit\u00e9\"}]},{\"@type\":\"WebSite\",\"@id\":\"\\\/#website\",\"url\":\"\\\/\",\"name\":\"Imagine 4D\",\"description\":\"Visualisation 3D et technologie immersive\",\"potentialAction\":[{\"@type\":\"SearchAction\",\"target\":{\"@type\":\"EntryPoint\",\"urlTemplate\":\"\\\/?s={search_term_string}\"},\"query-input\":{\"@type\":\"PropertyValueSpecification\",\"valueRequired\":true,\"valueName\":\"search_term_string\"}}],\"inLanguage\":\"fr-FR\"}]}<\/script>\n<!-- \/ Yoast SEO plugin. -->","yoast_head_json":{"title":"Politique de confidentialit\u00e9 - Imagine 4D","robots":{"index":"index","follow":"follow","max-snippet":"max-snippet:-1","max-image-preview":"max-image-preview:large","max-video-preview":"max-video-preview:-1"},"canonical":"https:\/\/imagine-4d.com\/fr\/politique-de-confidentialite\/","og_locale":"fr_FR","og_type":"article","og_title":"Politique de confidentialit\u00e9 - Imagine 4D","og_description":"Imagine 4D Inc. prend les questions de confidentialit\u00e9 tr\u00e8s au s\u00e9rieux et adopte toutes les mesures n\u00e9cessaires pour assurer la confidentialit\u00e9 des informations qui vous concernent personnellement. Par \u00ab informations personnelles \u00bb, nous entendons toute information vous concernant que vous fournissez volontairement et qui est utilis\u00e9e pour vous identifier. Protection des informations personnelles sur imagine-4D.com [&hellip;]","og_url":"https:\/\/imagine-4d.com\/fr\/politique-de-confidentialite\/","og_site_name":"Imagine 4D","article_modified_time":"2025-09-22T03:08:26+00:00","twitter_card":"summary_large_image","twitter_misc":{"Dur\u00e9e de lecture estim\u00e9e":"2 minutes"},"schema":{"@context":"https:\/\/schema.org","@graph":[{"@type":"WebPage","@id":"https:\/\/imagine-4d.com\/fr\/politique-de-confidentialite\/","url":"https:\/\/imagine-4d.com\/fr\/politique-de-confidentialite\/","name":"Politique de confidentialit\u00e9 - Imagine 4D","isPartOf":{"@id":"\/#website"},"datePublished":"2025-03-12T16:46:18+00:00","dateModified":"2025-09-22T03:08:26+00:00","breadcrumb":{"@id":"https:\/\/imagine-4d.com\/fr\/politique-de-confidentialite\/#breadcrumb"},"inLanguage":"fr-FR","potentialAction":[{"@type":"ReadAction","target":["https:\/\/imagine-4d.com\/fr\/politique-de-confidentialite\/"]}]},{"@type":"BreadcrumbList","@id":"https:\/\/imagine-4d.com\/fr\/politique-de-confidentialite\/#breadcrumb","itemListElement":[{"@type":"ListItem","position":1,"name":"Accueil","item":"https:\/\/imagine-4d.com\/fr\/"},{"@type":"ListItem","position":2,"name":"Politique de confidentialit\u00e9"}]},{"@type":"WebSite","@id":"\/#website","url":"\/","name":"Imagine 4D","description":"Visualisation 3D et technologie immersive","potentialAction":[{"@type":"SearchAction","target":{"@type":"EntryPoint","urlTemplate":"\/?s={search_term_string}"},"query-input":{"@type":"PropertyValueSpecification","valueRequired":true,"valueName":"search_term_string"}}],"inLanguage":"fr-FR"}]}},"_links":{"self":[{"href":"https:\/\/imagine-4d.com\/fr\/wp-json\/wp\/v2\/pages\/6120","targetHints":{"allow":["GET"]}}],"collection":[{"href":"https:\/\/imagine-4d.com\/fr\/wp-json\/wp\/v2\/pages"}],"about":[{"href":"https:\/\/imagine-4d.com\/fr\/wp-json\/wp\/v2\/types\/page"}],"author":[{"embeddable":true,"href":"https:\/\/imagine-4d.com\/fr\/wp-json\/wp\/v2\/users\/4"}],"replies":[{"embeddable":true,"href":"https:\/\/imagine-4d.com\/fr\/wp-json\/wp\/v2\/comments?post=6120"}],"version-history":[{"count":8,"href":"https:\/\/imagine-4d.com\/fr\/wp-json\/wp\/v2\/pages\/6120\/revisions"}],"predecessor-version":[{"id":6912,"href":"https:\/\/imagine-4d.com\/fr\/wp-json\/wp\/v2\/pages\/6120\/revisions\/6912"}],"wp:attachment":[{"href":"https:\/\/imagine-4d.com\/fr\/wp-json\/wp\/v2\/media?parent=6120"}],"curies":[{"name":"wp","href":"https:\/\/api.w.org\/{rel}","templated":true}]}}