{"id":6118,"date":"2025-06-19T17:26:21","date_gmt":"2025-06-19T17:26:21","guid":{"rendered":"https:\/\/imagine-4d.com\/terms-of-use\/"},"modified":"2025-09-11T21:42:05","modified_gmt":"2025-09-11T21:42:05","slug":"conditions-dutilisation","status":"publish","type":"page","link":"https:\/\/imagine-4d.com\/fr\/conditions-dutilisation\/","title":{"rendered":"Conditions d&rsquo;utilisation"},"content":{"rendered":"\n<h2 class=\"wp-block-heading\"><\/h2>\n\n<p class=\"has-black-color has-text-color has-link-color wp-elements-7f352b3c049ca9b89434abe316633754\">Veuillez lire attentivement ces conditions g\u00e9n\u00e9rales avant d&rsquo;utiliser ce site. En acc\u00e9dant \u00e0 notre site ou en l&rsquo;utilisant, vous acceptez les conditions g\u00e9n\u00e9rales suivantes. Ces conditions peuvent \u00eatre modifi\u00e9es \u00e0 notre enti\u00e8re discr\u00e9tion.  <br\/><\/p>\n\n<h2 class=\"wp-block-heading has-black-color has-text-color has-link-color wp-elements-9e7fa5a968dd66b677d020aab8a76dbb\">Utilisation du site web<\/h2>\n\n<p class=\"has-black-color has-text-color has-link-color wp-elements-e4cd28c7070f548e0de174089fd76004\">Ce site web est fourni par Imagine 4D Inc. et ne peut \u00eatre utilis\u00e9 qu&rsquo;\u00e0 des fins informatives uniquement, sauf disposition contraire express\u00e9ment pr\u00e9vue. En utilisant le site ou en t\u00e9l\u00e9chargeant du mat\u00e9riel depuis le site, vous acceptez de respecter les termes et conditions \u00e9nonc\u00e9s dans cet avis. Si vous n&rsquo;acceptez pas de respecter ces termes et conditions, n&rsquo;utilisez pas le site et ne t\u00e9l\u00e9chargez pas de mat\u00e9riel depuis le site.  <\/p>\n\n<p><\/p>\n\n<h2 class=\"wp-block-heading has-black-color has-text-color has-link-color wp-elements-a48ed9cb9bf176246e48a8a9debc56db\">\u00c0 usage informatif uniquement <\/h2>\n\n<p class=\"has-black-color has-text-color has-link-color wp-elements-10040551a4641e660e9f4243278fd591\">Nous ne garantissons pas que les informations pr\u00e9sent\u00e9es, incluant les mat\u00e9riaux, documents, images, graphiques, logos, design, audio, vid\u00e9o et texte sont : exactes ou compl\u00e8tes, \u00e0 jour ou exemptes d&rsquo;inexactitudes techniques ou d&rsquo;erreurs typographiques. Nous n&rsquo;avons pas l&rsquo;obligation de mettre \u00e0 jour le contenu et ne pouvons pas garantir que l&rsquo;acc\u00e8s au site sera exempt d&rsquo;interruptions, d&rsquo;erreurs, de virus informatiques ou d&rsquo;autres composants nuisibles. <\/p>\n\n<h2 class=\"wp-block-heading has-black-color has-text-color has-link-color wp-elements-c7b5883f7d4a00d0a1017e269c2acc19\">Utilisations interdites <\/h2>\n\n<p class=\"has-black-color has-text-color has-link-color wp-elements-788d6a1ac2be7a048b24e56f90e1bdfb\">Vous ne pouvez pas utiliser ce site web pour commettre, ou en relation avec la commission de, toute violation des lois, r\u00e9glementations ou autres exigences gouvernementales f\u00e9d\u00e9rales, \u00e9tatiques, provinciales, locales ou internationales. Nous nous r\u00e9servons le droit de signaler toute activit\u00e9 susceptible de violer une loi ou un r\u00e8glement aux autorit\u00e9s polici\u00e8res, aux r\u00e9gulateurs ou \u00e0 d&rsquo;autres tiers appropri\u00e9s, et nous pouvons le faire sans vous en aviser au pr\u00e9alable. <\/p>\n\n<p class=\"has-black-color has-text-color has-link-color wp-elements-045aa8f51e61b714e67a7203a88a9430\">Il vous est interdit de violer, ou de tenter de violer, la s\u00e9curit\u00e9 du site web. De telles violations peuvent entra\u00eener des responsabilit\u00e9s p\u00e9nales et civiles \u00e0 votre encontre. Les exemples de violations de s\u00e9curit\u00e9 prohib\u00e9es incluent, mais ne se limitent pas \u00e0 : (a) se connecter \u00e0 un serveur ou compte auquel vous n&rsquo;\u00eates pas autoris\u00e9 \u00e0 acc\u00e9der ; (b) acc\u00e9der \u00e0 des donn\u00e9es ou entreprendre toute action pour obtenir des services qui ne vous sont pas destin\u00e9s ; (c) tenter de sonder, scanner ou tester la vuln\u00e9rabilit\u00e9 de tout syst\u00e8me, sous-syst\u00e8me ou r\u00e9seau li\u00e9 au site web ou au syst\u00e8me informatique d&rsquo;Imagine 4D Inc. ; (d) alt\u00e9rer, pirater, modifier ou autrement corrompre ou contourner les mesures de s\u00e9curit\u00e9 ou d&rsquo;authentification ; (e) transmettre du mat\u00e9riel contenant des virus, chevaux de Troie, vers, bombes logiques, cancelbots ou autres routines ou moteurs de programmation informatique dans l&rsquo;intention ou avec l&rsquo;effet d&rsquo;endommager, d\u00e9truire, perturber ou autrement compromettre le fonctionnement d&rsquo;un ordinateur ou l&rsquo;exploitation du site web ; (f) interf\u00e9rer avec, intercepter ou s&rsquo;approprier tout syst\u00e8me, donn\u00e9es ou informations ; et (g) interf\u00e9rer avec le service \u00e0 tout utilisateur, h\u00f4te ou r\u00e9seau incluant, mais sans s&rsquo;y limiter, en surchargeant, \u00ab\u00a0inondant,\u00a0\u00bb \u00ab\u00a0bombardant de courriels,\u00a0\u00bb ou \u00ab\u00a0plantant\u00a0\u00bb tout syst\u00e8me, sous-syst\u00e8me ou r\u00e9seau li\u00e9 au site web ou autrement.<\/p>\n\n<p><\/p>\n\n<p><\/p>\n\n<p><\/p>\n\n<h2 class=\"wp-block-heading has-black-color has-text-color has-link-color wp-elements-5ae8838257ea3a133f7d0b4508f9e2a0\">Contenu<\/h2>\n\n<p class=\"has-black-color has-text-color has-link-color wp-elements-0a555d925386f11c857594e2b9585e1e\">Tout contenu inclus sur ce site web, tel que le texte, les graphiques, les logos, les ic\u00f4nes de boutons, les images, les photographies, les clips audio, les t\u00e9l\u00e9chargements num\u00e9riques, les compilations de donn\u00e9es et les logiciels, est la propri\u00e9t\u00e9 d&rsquo;Imagine 4D Inc. et est prot\u00e9g\u00e9 par les lois sur le droit d&rsquo;auteur applicables. Toute personne utilisant ce site web est autoris\u00e9e \u00e0 copier, imprimer ou distribuer ces contenus uniquement comme suit : <\/p>\n\n<ol class=\"wp-block-list\">\n<li class=\"has-black-color has-text-color has-link-color wp-elements-7123ac8d0a21f93171f5879df06af53f\">Les utilisateurs peuvent imprimer des pages individuelles mais ne peuvent pas copier ou t\u00e9l\u00e9charger une grande partie du site web (par ex., aucun bot, robot d&rsquo;indexation, spider, etc. qui \u00ab\u00a0moissonne\u00a0\u00bb le site web).<\/li>\n\n\n\n<li class=\"has-black-color has-text-color has-link-color wp-elements-613d06da520d0e97909d9f840c19ffbb\">Les utilisateurs peuvent t\u00e9l\u00e9charger, imprimer, distribuer et utiliser les pages du site web uniquement \u00e0 des fins informatives et non commerciales.<\/li>\n\n\n\n<li class=\"has-black-color has-text-color has-link-color wp-elements-55dcf8b2655acf15ed7aec238d7058ce\">Toute copie de ces documents ou pages ne doit pas alt\u00e9rer le contenu original du site web et doit inclure l&rsquo;avis de droit d&rsquo;auteur d&rsquo;Imagine 4D Inc. (\u00ab\u00a0Copyright [ann\u00e9e] [Imagine 4D Inc.], Tous Droits R\u00e9serv\u00e9s\u00a0\u00bb).<\/li>\n\n\n\n<li class=\"has-black-color has-text-color has-link-color wp-elements-a0f63da9a5840ff9e8a78dc8cf2703d3\">Imagine 4D Inc. se r\u00e9serve le droit de r\u00e9voquer l&rsquo;autorisation susmentionn\u00e9e \u00e0 tout moment selon son enti\u00e8re discr\u00e9tion.<\/li>\n\n\n\n<li class=\"has-black-color has-text-color has-link-color wp-elements-ef662d6fcc6bbccff393e481016668e4\">Personne ne peut encadrer ce site web ou une partie de celui-ci. Les liens vers ce site web qui n&rsquo;enfreignent pas par ailleurs les int\u00e9r\u00eats de marques d&rsquo;Imagine 4D Inc. sont autoris\u00e9s, \u00e0 condition que le lien n&rsquo;implique ou ne sugg\u00e8re faussement qu&rsquo;Imagine 4D Inc. a approuv\u00e9 le site web li\u00e9 ou y est affili\u00e9.<\/li>\n<\/ol>\n\n<p class=\"has-black-color has-text-color has-link-color wp-elements-24f030c611b2b025ca0669bf5a7b390c\">\u00c0 l&rsquo;exception de ce qui est express\u00e9ment pr\u00e9vu ci-dessus, vous ne pouvez autrement copier, afficher, t\u00e9l\u00e9charger, distribuer, modifier, reproduire, republier ou retransmettre ou cr\u00e9er des \u0153uvres d\u00e9riv\u00e9es bas\u00e9es sur toute information, contenu ou mat\u00e9riel contenu dans ce site web ou tout support (incluant \u00e9lectronique ou papier), sans le consentement \u00e9crit pr\u00e9alable expr\u00e8s d&rsquo;Imagine 4D Inc. Rien de contenu sur ce site web ne doit \u00eatre interpr\u00e9t\u00e9 comme conf\u00e9rant par implication, pr\u00e9clusion ou autrement toute licence ou droit sous tout droit de propri\u00e9t\u00e9 intellectuelle d&rsquo;Imagine 4D Inc. ou de tout tiers, sauf comme express\u00e9ment pr\u00e9vu ci-dessus. <\/p>\n\n<p><\/p>\n\n<h2 class=\"wp-block-heading has-black-color has-text-color has-link-color wp-elements-b2e9054bf3a994cf00e396da43e96a21\">Marques de commerce<\/h2>\n\n<p class=\"has-black-color has-text-color has-link-color wp-elements-3611ded3cbe38399b2d1cd1d04df2e7b\">Les marques de commerce, marques de service et logos d&rsquo;Imagine 4D Inc. utilis\u00e9s et affich\u00e9s sur notre site web sont nos marques d\u00e9pos\u00e9es et non d\u00e9pos\u00e9es. Les demandes d&rsquo;utilisation de marques appartenant \u00e0 d&rsquo;autres soci\u00e9t\u00e9s qui peuvent \u00eatre mentionn\u00e9es sur ce site web doivent \u00eatre adress\u00e9es \u00e0 ces autres soci\u00e9t\u00e9s. Nous faisons activement et vigoureusement respecter nos droits de propri\u00e9t\u00e9 intellectuelle. Nos marques de commerce, marques de service et logos ne peuvent \u00eatre utilis\u00e9s d&rsquo;aucune mani\u00e8re, y compris dans la publicit\u00e9 ou la promotion relative \u00e0 la distribution de mat\u00e9riaux de notre site web, sans notre autorisation \u00e9crite pr\u00e9alable.   <br\/><\/p>\n\n<h2 class=\"wp-block-heading has-black-color has-text-color has-link-color wp-elements-30f874085de6f42f132c43dd86e08a92\">Sites web et liens tiers <\/h2>\n\n<p class=\"has-black-color has-text-color has-link-color wp-elements-ef1ccf7263bc492d83a62fc3cb3efc86\">Ce site web peut contenir des flux de donn\u00e9es, liens ou r\u00e9f\u00e9rences vers d&rsquo;autres sites web maintenus par des tiers sur lesquels Imagine 4D Inc. n&rsquo;a aucun contr\u00f4le. De plus, ce site web peut contenir du contenu de tiers. Ces flux de donn\u00e9es, liens, r\u00e9f\u00e9rences ou contenus sont fournis uniquement par commodit\u00e9. De m\u00eame, ce site web peut \u00eatre accessible depuis des liens de tiers sur lesquels Imagine 4D Inc. n&rsquo;a aucun contr\u00f4le. Imagine 4D Inc. ne fournit aucune garantie ou d\u00e9claration de quelque nature que ce soit quant \u00e0 l&rsquo;exactitude, l&rsquo;actualit\u00e9 ou l&rsquo;exhaustivit\u00e9 de toute information contenue dans des sites web de tiers ou du contenu fourni par des tiers et ne sera responsable d&rsquo;aucun dommage ou pr\u00e9judice de quelque nature que ce soit d\u00e9coulant de tel contenu ou information, incluant les dommages directs, accessoires, cons\u00e9cutifs, indirects ou punitifs. L&rsquo;inclusion de tout flux de donn\u00e9es ou lien de tiers n&rsquo;implique pas un endorsement, une adoption ou une recommandation par Imagine 4D Inc. Si vous d\u00e9cidez d&rsquo;acc\u00e9der \u00e0 l&rsquo;un des sites web de tiers li\u00e9s \u00e0 ce site web, vous le faites enti\u00e8rement \u00e0 vos propres risques.      <\/p>\n\n<p><\/p>\n\n<h2 class=\"wp-block-heading has-black-color has-text-color has-link-color wp-elements-f2072890108d72c3987ab780197ddead\">Communications avec l&rsquo;entreprise<\/h2>\n\n<p class=\"has-black-color has-text-color has-link-color wp-elements-2a2f7303aad39568b09946147e4e2c4c\">Ce site web dispose de fonctionnalit\u00e9s qui vous permettent de communiquer avec des repr\u00e9sentants d&rsquo;Imagine 4D Inc. (y compris les membres de son Conseil d&rsquo;Administration). L&rsquo;utilisation de ces fonctionnalit\u00e9s pour communiquer avec l&rsquo;un des pr\u00e9cit\u00e9s ne sera pas consid\u00e9r\u00e9e comme cr\u00e9ant une relation d&rsquo;affaires, fiduciaire ou autre forme de relation entre vous et le destinataire. <\/p>\n\n<p class=\"has-black-color has-text-color has-link-color wp-elements-c3d84bd0b004bf062fac1d835f4f6f55\">Toutes les soumissions, documents, mat\u00e9riaux, publications, commentaires, remarques, suggestions, id\u00e9es, graphiques ou autres informations communiqu\u00e9es par les utilisateurs \u00e0 Imagine 4D Inc. via ce site web deviendront \u00e0 jamais la propri\u00e9t\u00e9 et la propri\u00e9t\u00e9 intellectuelle d&rsquo;Imagine 4D Inc. et Imagine 4D Inc. ne sera pas tenue de traiter de telles soumissions comme confidentielles, sauf disposition contraire express\u00e9ment pr\u00e9vue. De plus, Imagine 4D Inc. sera en droit d&rsquo;utiliser toute soumission de ce type \u00e0 quelque fin que ce soit, commerciale ou autre, sans compensation pour vous ou toute autre personne. <\/p>\n\n<p class=\"has-black-color has-text-color has-link-color wp-elements-9dbb07cfbcfae90853c58edbf8d17fd6\">Imagine 4D Inc. se r\u00e9serve le droit, \u00e0 sa seule discr\u00e9tion, de compl\u00e9ter ou modifier ces Conditions d&rsquo;Utilisation en totalit\u00e9 ou en partie, \u00e0 tout moment. Tout compl\u00e9ment ou modification de cette nature prendra effet lorsqu&rsquo;il sera publi\u00e9 sur le site web. Votre utiliation continue du site web apr\u00e8s la publication de tout compl\u00e9ment ou modification de ces Conditions d&rsquo;Utilisation sera consid\u00e9r\u00e9e comme une acceptation de ceux-ci.  <\/p>\n\n<h2 class=\"wp-block-heading has-black-color has-text-color has-link-color wp-elements-426c945a35f76c132ed3ac3c05d8fbc4\">Changements<\/h2>\n\n<p class=\"has-black-color has-text-color has-link-color wp-elements-d0b9dafce653799cacead810f6724ecd\">Imagine 4D Inc. peut r\u00e9silier, modifier, suspendre ou interrompre tout aspect du site web, y compris la disponibilit\u00e9 de toutes fonctionnalit\u00e9s du site web, \u00e0 tout moment. Imagine 4D Inc. peut \u00e9galement imposer des limites sur certaines fonctionnalit\u00e9s et services ou restreindre votre acc\u00e8s \u00e0 des parties ou \u00e0 l&rsquo;ensemble du site web sans pr\u00e9avis ni responsabilit\u00e9. <\/p>\n\n<h2 class=\"wp-block-heading has-black-color has-text-color has-link-color wp-elements-6e56d769360c3ce1f62f0084952a5540\">Indemnisation <\/h2>\n\n<p class=\"has-black-color has-text-color has-link-color wp-elements-04c34f067bf45ed65ae329644653a9e6\">Vous acceptez d&rsquo;indemniser, de d\u00e9fendre et de d\u00e9gager de toute responsabilit\u00e9 Imagine 4D Inc., ses filiales, dirigeants, administrateurs, employ\u00e9s, agents, fournisseurs et partenaires tiers de et contre toutes pertes, d\u00e9penses, dommages et co\u00fbts, y compris les honoraires et frais d&rsquo;avocats raisonnables, r\u00e9sultant ou d\u00e9coulant de, ou engag\u00e9s en relation avec, toute violation par vous de ces Conditions d&rsquo;Utilisation.<\/p>\n\n<h2 class=\"wp-block-heading has-black-color has-text-color has-link-color wp-elements-3d32457055bb428ab34ba4675394d86e\">Limitations de responsabilit\u00e9<\/h2>\n\n<p class=\"has-black-color has-text-color has-link-color wp-elements-308f42185c087e135a5e0f40f25ddbcd\">Imagine 4D Inc. ne sera pas responsable de tout dommage ou pr\u00e9judice, incluant, mais sans s&rsquo;y limiter, les dommages directs, indirects, accessoires, cons\u00e9cutifs ou punitifs, qui r\u00e9sultent de l&rsquo;utilisation (ou de l&rsquo;incapacit\u00e9 d&rsquo;utiliser) ce site web et son contenu, ou un site web li\u00e9 \u00e0 ce site web, incluant tout dommage ou pr\u00e9judice caus\u00e9 par tout d\u00e9faut de performance, erreur, omission, interruption, d\u00e9faillance, retard dans le fonctionnement, virus informatique, panne de ligne, ou autre dysfonctionnement informatique. Dans les juridictions qui ne permettent pas l&rsquo;exclusion ou la limitation de responsabilit\u00e9 pour les dommages cons\u00e9cutifs ou accessoires, la responsabilit\u00e9 est limit\u00e9e dans la mesure maximale autoris\u00e9e par la loi. <\/p>\n\n<h2 class=\"wp-block-heading has-black-color has-text-color has-link-color wp-elements-3f17f4719a2d0d04e59b12f3db24ead8\">Mise en Garde<\/h2>\n\n<p class=\"has-black-color has-text-color has-link-color wp-elements-ae893a16d4e837f11e250e4d82d29eae\">Le contenu de ce site web peut inclure des inexactitudes techniques ou des erreurs typographiques. Imagine 4D Inc. peut apporter des modifications \u00e0 tout moment. <\/p>\n\n<p class=\"has-black-color has-text-color has-link-color wp-elements-11feca91137d5a0d773eb7898c8aa552\">CE SITE WEB EST FOURNI PAR IMAGINE 4D INC. SUR UNE BASE \u00ab\u00a0TEL QUEL\u00a0\u00bb ET \u00ab\u00a0TEL QUE DISPONIBLE\u00a0\u00bb. IMAGINE 4D INC. NE FAIT AUCUNE D\u00c9CLARATION OU GARANTIE DE QUELQUE NATURE QUE CE SOIT, EXPRESSE OU IMPLICITE, CONCERNANT LE FONCTIONNEMENT DE CE SITE WEB OU LES INFORMATIONS INCLUSES SUR CE SITE WEB. VOUS ACCEPTEZ EXPRESS\u00c9MENT QUE VOTRE UTILISATION DE CE SITE WEB SE FAIT \u00c0 VOS SEULS RISQUES. IMAGINE 4D INC. NE GARANTIT PAS QUE LES INFORMATIONS DE CE SITE WEB SONT EXACTES, COMPL\u00c8TES, ACTUELLES, FIABLES OU CORRECTES, QUE CE SITE WEB SERA DISPONIBLE \u00c0 UN MOMENT OU ENDROIT PARTICULIER, OU QUE LE SITE WEB EST EXEMPT DE VIRUS OU D&rsquo;AUTRES COMPOSANTS NUISIBLES.      <\/p>\n\n<h2 class=\"wp-block-heading has-black-color has-text-color has-link-color wp-elements-ded1853e702a27f1af53374fc5a870b6\">Conformit\u00e9 aux lois locales <\/h2>\n\n<p class=\"has-black-color has-text-color has-link-color wp-elements-9c2fd2f1ec7d3a3a4a45e22fb0d9d458\">Ce site web est contr\u00f4l\u00e9 et administr\u00e9 par Imagine 4D Inc. depuis ses bureaux au Canada et ce site web et son contenu sont destin\u00e9s \u00e0 se conformer aux lois et r\u00e9glementations applicables au Canada. Bien que les informations sur ce site web soient accessibles aux utilisateurs en dehors du Canada, Imagine 4D Inc. ne fait aucune d\u00e9claration quant au fait que le contenu de ce site web se conforme aux lois et r\u00e9glementations de la juridiction applicable ou que ce contenu soit appropri\u00e9 ou disponible pour utilisation dans une telle juridiction. L&rsquo;acc\u00e8s \u00e0 tout contenu sur ce site web depuis des endroits o\u00f9 ce contenu est ill\u00e9gal est interdit. Si vous choisissez d&rsquo;acc\u00e9der \u00e0 ce site depuis des endroits en dehors de la juridiction applicable, vous \u00eates responsable de la conformit\u00e9 avec toutes lois et r\u00e9glementations locales applicables. Vous ne pouvez pas utiliser ou exporter aucune des informations sur ce site web en violation des lois et r\u00e9glementations d&rsquo;exportation du Canada ou d&rsquo;autres juridictions applicables.    <\/p>\n\n<h2 class=\"wp-block-heading has-black-color has-text-color has-link-color wp-elements-c7fbb83ef8fb62a2fd8d26fc0eed9f5a\">Abandon<\/h2>\n\n<p class=\"has-black-color has-text-color has-link-color wp-elements-55516fa933a99d751a3a35a7eac4b66b\">Aucune renonciation par Imagine 4D Inc. \u00e0 un droit en vertu de ou \u00e0 un terme ou disposition de ces conditions d&rsquo;utilisation ne sera consid\u00e9r\u00e9e comme une renonciation \u00e0 tout autre droit, terme ou disposition de ces conditions d&rsquo;utilisation.<\/p>\n\n<h2 class=\"wp-block-heading has-black-color has-text-color has-link-color wp-elements-fe7d1751cb9c75bb8738c08805d51ff7\">Int\u00e9gration et Divisibilit\u00e9 <\/h2>\n\n<p class=\"has-black-color has-text-color has-link-color wp-elements-8d3309da45717fdaa14882bda08373bc\">Si une disposition de ces conditions d&rsquo;utilisation est consid\u00e9r\u00e9e comme ill\u00e9gale, nulle ou pour quelque raison que ce soit inapplicable, alors cette disposition sera consid\u00e9r\u00e9e comme s\u00e9parable de ces conditions d&rsquo;utilisation et n&rsquo;affectera pas la validit\u00e9 et l&rsquo;applicabilit\u00e9 des dispositions restantes. Les conditions d&rsquo;utilisation pr\u00e9c\u00e9dentes repr\u00e9sentent l&rsquo;accord complet entre Imagine 4D Inc. et l&rsquo;utilisateur concernant l&rsquo;objet des pr\u00e9sentes. <\/p>\n","protected":false},"excerpt":{"rendered":"<p>Veuillez lire attentivement ces conditions g\u00e9n\u00e9rales avant d&rsquo;utiliser ce site. En acc\u00e9dant \u00e0 notre site ou en l&rsquo;utilisant, vous acceptez les conditions g\u00e9n\u00e9rales suivantes. Ces conditions peuvent \u00eatre modifi\u00e9es \u00e0 notre enti\u00e8re discr\u00e9tion. Utilisation du site web Ce site web est fourni par Imagine 4D Inc. et ne peut \u00eatre utilis\u00e9 qu&rsquo;\u00e0 des fins informatives [&hellip;]<\/p>\n","protected":false},"author":4,"featured_media":0,"parent":0,"menu_order":0,"comment_status":"closed","ping_status":"closed","template":"","meta":{"_monsterinsights_skip_tracking":false,"_monsterinsights_sitenote_active":false,"_monsterinsights_sitenote_note":"","_monsterinsights_sitenote_category":0,"footnotes":""},"class_list":["post-6118","page","type-page","status-publish","hentry"],"acf":[],"yoast_head":"<!-- This site is optimized with the Yoast SEO plugin v27.3 - https:\/\/yoast.com\/product\/yoast-seo-wordpress\/ -->\n<title>Conditions d&#039;utilisation - Imagine 4D<\/title>\n<meta name=\"robots\" content=\"index, follow, max-snippet:-1, max-image-preview:large, max-video-preview:-1\" \/>\n<link rel=\"canonical\" href=\"https:\/\/imagine-4d.com\/fr\/conditions-dutilisation\/\" \/>\n<meta property=\"og:locale\" content=\"fr_FR\" \/>\n<meta property=\"og:type\" content=\"article\" \/>\n<meta property=\"og:title\" content=\"Conditions d&#039;utilisation - Imagine 4D\" \/>\n<meta property=\"og:description\" content=\"Veuillez lire attentivement ces conditions g\u00e9n\u00e9rales avant d&rsquo;utiliser ce site. En acc\u00e9dant \u00e0 notre site ou en l&rsquo;utilisant, vous acceptez les conditions g\u00e9n\u00e9rales suivantes. Ces conditions peuvent \u00eatre modifi\u00e9es \u00e0 notre enti\u00e8re discr\u00e9tion. Utilisation du site web Ce site web est fourni par Imagine 4D Inc. et ne peut \u00eatre utilis\u00e9 qu&rsquo;\u00e0 des fins informatives [&hellip;]\" \/>\n<meta property=\"og:url\" content=\"https:\/\/imagine-4d.com\/fr\/conditions-dutilisation\/\" \/>\n<meta property=\"og:site_name\" content=\"Imagine 4D\" \/>\n<meta property=\"article:modified_time\" content=\"2025-09-11T21:42:05+00:00\" \/>\n<meta name=\"twitter:card\" content=\"summary_large_image\" \/>\n<meta name=\"twitter:label1\" content=\"Dur\u00e9e de lecture estim\u00e9e\" \/>\n\t<meta name=\"twitter:data1\" content=\"9 minutes\" \/>\n<script type=\"application\/ld+json\" class=\"yoast-schema-graph\">{\"@context\":\"https:\\\/\\\/schema.org\",\"@graph\":[{\"@type\":\"WebPage\",\"@id\":\"https:\\\/\\\/imagine-4d.com\\\/fr\\\/conditions-dutilisation\\\/\",\"url\":\"https:\\\/\\\/imagine-4d.com\\\/fr\\\/conditions-dutilisation\\\/\",\"name\":\"Conditions d'utilisation - Imagine 4D\",\"isPartOf\":{\"@id\":\"\\\/#website\"},\"datePublished\":\"2025-06-19T17:26:21+00:00\",\"dateModified\":\"2025-09-11T21:42:05+00:00\",\"breadcrumb\":{\"@id\":\"https:\\\/\\\/imagine-4d.com\\\/fr\\\/conditions-dutilisation\\\/#breadcrumb\"},\"inLanguage\":\"fr-FR\",\"potentialAction\":[{\"@type\":\"ReadAction\",\"target\":[\"https:\\\/\\\/imagine-4d.com\\\/fr\\\/conditions-dutilisation\\\/\"]}]},{\"@type\":\"BreadcrumbList\",\"@id\":\"https:\\\/\\\/imagine-4d.com\\\/fr\\\/conditions-dutilisation\\\/#breadcrumb\",\"itemListElement\":[{\"@type\":\"ListItem\",\"position\":1,\"name\":\"Accueil\",\"item\":\"https:\\\/\\\/imagine-4d.com\\\/fr\\\/\"},{\"@type\":\"ListItem\",\"position\":2,\"name\":\"Conditions d&#8217;utilisation\"}]},{\"@type\":\"WebSite\",\"@id\":\"\\\/#website\",\"url\":\"\\\/\",\"name\":\"Imagine 4D\",\"description\":\"Visualisation 3D et technologie immersive\",\"potentialAction\":[{\"@type\":\"SearchAction\",\"target\":{\"@type\":\"EntryPoint\",\"urlTemplate\":\"\\\/?s={search_term_string}\"},\"query-input\":{\"@type\":\"PropertyValueSpecification\",\"valueRequired\":true,\"valueName\":\"search_term_string\"}}],\"inLanguage\":\"fr-FR\"}]}<\/script>\n<!-- \/ Yoast SEO plugin. -->","yoast_head_json":{"title":"Conditions d'utilisation - Imagine 4D","robots":{"index":"index","follow":"follow","max-snippet":"max-snippet:-1","max-image-preview":"max-image-preview:large","max-video-preview":"max-video-preview:-1"},"canonical":"https:\/\/imagine-4d.com\/fr\/conditions-dutilisation\/","og_locale":"fr_FR","og_type":"article","og_title":"Conditions d'utilisation - Imagine 4D","og_description":"Veuillez lire attentivement ces conditions g\u00e9n\u00e9rales avant d&rsquo;utiliser ce site. En acc\u00e9dant \u00e0 notre site ou en l&rsquo;utilisant, vous acceptez les conditions g\u00e9n\u00e9rales suivantes. Ces conditions peuvent \u00eatre modifi\u00e9es \u00e0 notre enti\u00e8re discr\u00e9tion. Utilisation du site web Ce site web est fourni par Imagine 4D Inc. et ne peut \u00eatre utilis\u00e9 qu&rsquo;\u00e0 des fins informatives [&hellip;]","og_url":"https:\/\/imagine-4d.com\/fr\/conditions-dutilisation\/","og_site_name":"Imagine 4D","article_modified_time":"2025-09-11T21:42:05+00:00","twitter_card":"summary_large_image","twitter_misc":{"Dur\u00e9e de lecture estim\u00e9e":"9 minutes"},"schema":{"@context":"https:\/\/schema.org","@graph":[{"@type":"WebPage","@id":"https:\/\/imagine-4d.com\/fr\/conditions-dutilisation\/","url":"https:\/\/imagine-4d.com\/fr\/conditions-dutilisation\/","name":"Conditions d'utilisation - Imagine 4D","isPartOf":{"@id":"\/#website"},"datePublished":"2025-06-19T17:26:21+00:00","dateModified":"2025-09-11T21:42:05+00:00","breadcrumb":{"@id":"https:\/\/imagine-4d.com\/fr\/conditions-dutilisation\/#breadcrumb"},"inLanguage":"fr-FR","potentialAction":[{"@type":"ReadAction","target":["https:\/\/imagine-4d.com\/fr\/conditions-dutilisation\/"]}]},{"@type":"BreadcrumbList","@id":"https:\/\/imagine-4d.com\/fr\/conditions-dutilisation\/#breadcrumb","itemListElement":[{"@type":"ListItem","position":1,"name":"Accueil","item":"https:\/\/imagine-4d.com\/fr\/"},{"@type":"ListItem","position":2,"name":"Conditions d&#8217;utilisation"}]},{"@type":"WebSite","@id":"\/#website","url":"\/","name":"Imagine 4D","description":"Visualisation 3D et technologie immersive","potentialAction":[{"@type":"SearchAction","target":{"@type":"EntryPoint","urlTemplate":"\/?s={search_term_string}"},"query-input":{"@type":"PropertyValueSpecification","valueRequired":true,"valueName":"search_term_string"}}],"inLanguage":"fr-FR"}]}},"_links":{"self":[{"href":"https:\/\/imagine-4d.com\/fr\/wp-json\/wp\/v2\/pages\/6118","targetHints":{"allow":["GET"]}}],"collection":[{"href":"https:\/\/imagine-4d.com\/fr\/wp-json\/wp\/v2\/pages"}],"about":[{"href":"https:\/\/imagine-4d.com\/fr\/wp-json\/wp\/v2\/types\/page"}],"author":[{"embeddable":true,"href":"https:\/\/imagine-4d.com\/fr\/wp-json\/wp\/v2\/users\/4"}],"replies":[{"embeddable":true,"href":"https:\/\/imagine-4d.com\/fr\/wp-json\/wp\/v2\/comments?post=6118"}],"version-history":[{"count":3,"href":"https:\/\/imagine-4d.com\/fr\/wp-json\/wp\/v2\/pages\/6118\/revisions"}],"predecessor-version":[{"id":6407,"href":"https:\/\/imagine-4d.com\/fr\/wp-json\/wp\/v2\/pages\/6118\/revisions\/6407"}],"wp:attachment":[{"href":"https:\/\/imagine-4d.com\/fr\/wp-json\/wp\/v2\/media?parent=6118"}],"curies":[{"name":"wp","href":"https:\/\/api.w.org\/{rel}","templated":true}]}}