{"id":6117,"date":"2025-03-26T15:41:09","date_gmt":"2025-03-26T15:41:09","guid":{"rendered":"https:\/\/imagine-4d.com\/product-services\/turnkey-manufacturing\/"},"modified":"2025-09-23T17:40:52","modified_gmt":"2025-09-23T17:40:52","slug":"fabrication-cle-en-main","status":"publish","type":"page","link":"https:\/\/imagine-4d.com\/fr\/produits-services\/fabrication-cle-en-main\/","title":{"rendered":"Fabrication cl\u00e9 en main"},"content":{"rendered":"<!-- banner starts -->\r\n<div class=\"plane-banner\">\r\n<div class=\"container\"><nav aria-label=\"breadcrumb\">\r\n<ol class=\"breadcrumb\">\r\n<li class=\"breadcrumb-item\"><a href=\"#\">Produits et services<\/a><\/li>\r\n<li class=\"breadcrumb-item active\" aria-current=\"page\">Mat\u00e9riel de simulation<\/li>\r\n<\/ol>\r\n<\/nav>\r\n<div class=\"banner-description\">\r\n<div class=\"heading-title-div\">\r\n<h1 class=\"b_products\"><span class=\"color-change\">R\u00e9alisation<\/span> de projets de fabrication cl\u00e9 en main \u00e0 faible volume et haute complexit\u00e9<\/h1>\r\n<\/div>\r\n<div class=\"product-btn\"><a class=\"circle\" href=\"#how\"><img decoding=\"async\" src=\"https:\/\/imagine-4d.com\/wp-content\/themes\/imagine4d\/img\/arrow-chevron.svg\" alt=\"arrow\"\/><\/a><\/div>\r\n<\/div>\r\n<\/div>\r\n<\/div>\r\n<!-- banner ends -->\r\n<div class=\"product-details\" style=\"background: url('https:\/\/imagine-4d.com\/wp-content\/uploads\/2025\/09\/DT-shutterstock_1821601766-copy-1.webp') no-repeat center center \/ cover;\">\r\n<div id=\"how\" class=\"container\">\r\n<h3>Principe de fonctionnement<\/h3>\r\n<p>L&rsquo;entreprise poss\u00e8de une expertise dans la r\u00e9alisation de projets cl\u00e9 en main de haute complexit\u00e9 r\u00e9pondant aux exigences suivantes :<\/p>\r\n<ul>\r\n<li>Conception et ing\u00e9nierie sur mesure ;<\/li>\r\n<li>Fabrication int\u00e9gr\u00e9e, et ;<\/li>\r\n<li>Installation sur site, mise en service,<br\/>et r\u00e9ception <\/li>\r\n<\/ul>\r\n<\/div>\r\n<\/div>\r\n<!-- product details end -->\r\n<div class=\"bg-light-blue how-it-works-new\">\r\n<div class=\"container\">\r\n<h2>Avantages<\/h2>\r\n<div class=\"list-wrap\">\r\n<div class=\"row\">\r\n<div class=\"col-md-4\">\r\n<div class=\"digital-list matchHeight\" style=\"height: 435px;\">\r\n<h4>Expertise<br\/>de l&rsquo;\u00e9quipe<\/h4>\r\n<p>D\u00e9cennies d&rsquo;exp\u00e9rience dans la conception et la livraison d&rsquo;assemblages \u00e9lectro-m\u00e9caniques complexes pour une vari\u00e9t\u00e9 de projets.<\/p>\r\n<\/div>\r\n<\/div>\r\n<div class=\"col-md-4\">\r\n<div class=\"digital-list matchHeight\" style=\"height: 435px;\">\r\n<h4>Int\u00e9gration<br\/>Verticale<\/h4>\r\n<p>Capacit\u00e9s internes de conception d&rsquo;ing\u00e9nierie, d&rsquo;usinage et de fabrication, d&rsquo;assemblage \u00e9lectrique et m\u00e9canique, de peinture et d&rsquo;essais.<\/p>\r\n<\/div>\r\n<\/div>\r\n<div class=\"col-md-4\">\r\n<div class=\"digital-list matchHeight\" style=\"height: 435px;\">\r\n<h4>Historique<\/h4>\r\n<p>Capacit\u00e9 \u00e9prouv\u00e9e \u00e0 livrer des projets de haute complexit\u00e9, cl\u00e9 en main et dans les d\u00e9lais. Nous travaillons \u00e9troitement avec nos clients pour satisfaire aux exigences du projet et garantir le respect des sp\u00e9cifications. <\/p>\r\n<\/div>\r\n<\/div>\r\n<\/div>\r\n<\/div>\r\n<div class=\"two-colum-product\">\r\n<div class=\"row\">\r\n<div class=\"col-md-6\">\r\n<div class=\"heading\">\r\n<h2>\u00c9tude de Cas<br\/>Introduction<\/h2>\r\n<h5>Notre expertise en fabrication int\u00e9gr\u00e9e<br\/>comprend :<\/h5>\r\n<\/div>\r\n<\/div>\r\n<div class=\"col-md-6\">\r\n<div class=\"description\">\r\n<ul>\r\n<li>Fabrication\/usinage (structures et b\u00e2tis) <\/li>\r\n<li>Assemblage \u00e9lectrique et \u00e9lectro-m\u00e9canique <\/li>\r\n<li>Fabrication de PCB (assemblage de composants, tests, etc.) <\/li>\r\n<li>Assemblage et tests unitaires de panneaux et d&rsquo;armoires de contr\u00f4le \u00e9lectriques (c\u00e2blage \u00e9lectrique sur mesure et faisceaux de c\u00e2bles) <\/li>\r\n<li>Sourcing de pi\u00e8ces et composants \u00e9lectroniques <\/li>\r\n<li>Tests mat\u00e9riels et support lors de l&rsquo;int\u00e9gration mat\u00e9riel-logiciel<\/li>\r\n<\/ul>\r\n<\/div>\r\n<\/div>\r\n<\/div>\r\n<\/div>\r\n<\/div>\r\n<\/div>\r\n<div class=\"product-block industry-block bg-light\">\r\n<div class=\"container\">\r\n<div class=\"row flex-row-reverse\">\r\n<div class=\"col-md-6\">\r\n<div class=\"description\">\r\n<h4>Standards de qualit\u00e9 stricts<\/h4>\r\n<p>Avec un accent sur la production de haute qualit\u00e9, nous respectons des normes de contr\u00f4le qualit\u00e9 strictes \u00e0 chaque \u00e9tape du processus de fabrication. Cela garantit que chaque produit r\u00e9pond aux attentes ou les d\u00e9passe. <\/p>\r\n<p>Nous avons int\u00e9gr\u00e9 des tests et une validation dans nos processus de fabrication, garantissant que les produits r\u00e9pondent aux exigences de nos clients et aux normes industrielles rigoureuses.<\/p>\r\n<\/div>\r\n<\/div>\r\n<div class=\"col-md-6\">\r\n<div class=\"industry-img left-reverse\"><img decoding=\"async\" class=\"img-fluid img-fluid\" src=\"https:\/\/imagine-4d.com\/wp-content\/uploads\/2025\/03\/Screenshot-2025-02-06-at-17.51.54-1.png\" alt=\"\"\/>\r\n<div class=\"text\"> <\/div>\r\n<\/div>\r\n<\/div>\r\n<\/div>\r\n<\/div>\r\n<\/div>\r\n<div class=\"product-block industry-block bg-light buttom-padding\">\r\n<div class=\"container\">\r\n<div class=\"row justify-content-center align-items-center\">\r\n<div class=\"col-md-6\">\r\n<div class=\"description\">\r\n<h4>Connaissances sp\u00e9cialis\u00e9es en conception et fabrication<\/h4>\r\n<p>Les clients b\u00e9n\u00e9ficient de l&rsquo;acc\u00e8s \u00e0 l&rsquo;expertise mat\u00e9rielle de notre entreprise et \u00e0 notre main-d&rsquo;\u0153uvre qualifi\u00e9e, ce qui permet d&rsquo;optimiser les conceptions de produits, de r\u00e9soudre des d\u00e9fis de production complexes et de profiter de solutions cl\u00e9 en main.<\/p>\r\n<\/div>\r\n<\/div>\r\n<div class=\"col-md-6\">\r\n<div class=\"industry-img\"><img decoding=\"async\" class=\"img-fluid img-fluid\" src=\"https:\/\/imagine-4d.com\/wp-content\/uploads\/2025\/03\/Screenshot-2025-02-06-at-17.52.10-1.png\" alt=\"\"\/><\/div>\r\n<\/div>\r\n<\/div>\r\n<div class=\"product-video\"><img decoding=\"async\" class=\"img-fluid img-fluid\" src=\"https:\/\/imagine-4d.com\/wp-content\/themes\/imagine4d\/img\/sc.webp\" alt=\"Sc\"\/><\/div>\r\n<\/div>\r\n<\/div>\r\n<!-- product card starts -->\r\n<div class=\"product-card case-study carousal-padding top-padding\">\r\n<div class=\"container\">\u00c9tudes de cas\r\n<h4>D\u00e9couvrez comment les entreprises utilisent les services de fabrication mat\u00e9rielle d&rsquo;Imagine 4D pour am\u00e9liorer leurs produits et leurs op\u00e9rations.<\/h4>\r\n<div class=\"product-slider\">\r\n<div class=\"custom-slider\">\r\n<div class=\"swiper-wrapper\">\r\n<div class=\"project-image swiper-slide\">\r\n<div class=\"card\"><img decoding=\"async\" src=\"https:\/\/imagine-4d.com\/wp-content\/themes\/imagine4d\/img\/mapps.png\" alt=\"mapps\"\/>\r\n<div class=\"card-position\"><a class=\"btn-secondary\" href=\"#\">En apprendre davantage<\/a><\/div>\r\n<div class=\"card-body\">\r\n<h6>L3Harris Mapps<\/h6>\r\nVisualisation immersive\r\n<p>Ce texte est du Lorem Ipsum en Anglais. Section Subsidiaries. <\/p>\r\n<div class=\"card-btn\"><a class=\"btn-line\">Lire l&rsquo;\u00e9tude de cas<\/a><\/div>\r\n<\/div>\r\n<\/div>\r\n<\/div>\r\n<div class=\"project-image swiper-slide\">\r\n<div class=\"card\"><img decoding=\"async\" src=\"https:\/\/imagine-4d.com\/wp-content\/themes\/imagine4d\/img\/mapps.png\" alt=\"mapps\"\/>\r\n<div class=\"card-position\"><a class=\"btn-secondary\" href=\"#\">En apprendre davantage<\/a><\/div>\r\n<div class=\"card-body\">\r\n<h6>BARRAKA PLANT<\/h6>\r\nFORMATION\r\n<p>Ce texte est du Lorem Ipsum en Anglais. Section Subsidiaries. <\/p>\r\n<div class=\"card-btn\"><a class=\"btn-line\">Lire l&rsquo;\u00e9tude de cas<\/a><\/div>\r\n<\/div>\r\n<\/div>\r\n<\/div>\r\n<div class=\"project-image swiper-slide\">\r\n<div class=\"card\"><img decoding=\"async\" src=\"https:\/\/imagine-4d.com\/wp-content\/themes\/imagine4d\/img\/mapps.png\" alt=\"mapps\"\/>\r\n<div class=\"card-position\"><a class=\"btn-secondary\" href=\"#\">En apprendre davantage<\/a><\/div>\r\n<div class=\"card-body\">\r\n<h6>RCN NEXXT<\/h6>\r\nFORMATION\r\n<p>Ce texte est du Lorem Ipsum en Anglais. Section Subsidiaries. <\/p>\r\n<div class=\"card-btn\"><a class=\"btn-line\">Lire l&rsquo;\u00e9tude de cas<\/a><\/div>\r\n<\/div>\r\n<\/div>\r\n<\/div>\r\n<div class=\"project-image swiper-slide\">\r\n<div class=\"card\"><img decoding=\"async\" src=\"https:\/\/imagine-4d.com\/wp-content\/themes\/imagine4d\/img\/mapps.png\" alt=\"mapps\"\/>\r\n<div class=\"card-position\"><a class=\"btn-secondary\" href=\"#\">En apprendre davantage<\/a><\/div>\r\n<div class=\"card-body\">\r\n<h6>L3Harris Mapps<\/h6>\r\nVisualisation immersive\r\n<p>Ce texte est du Lorem Ipsum en Anglais. Section Subsidiaries. <\/p>\r\n<div class=\"card-btn\"><a class=\"btn-line\">Lire l&rsquo;\u00e9tude de cas<\/a><\/div>\r\n<\/div>\r\n<\/div>\r\n<\/div>\r\n<\/div>\r\n<\/div>\r\n<div class=\"pagination-wrap\">\r\n<div class=\"swiper-button-prev\"> <\/div>\r\n<div class=\"swiper-button-next\"> <\/div>\r\n<\/div>\r\n<\/div>\r\n<\/div>\r\n<\/div>\r\n<!--  card ends -->","protected":false},"excerpt":{"rendered":"<p>Produits et services Mat\u00e9riel de simulation R\u00e9alisation de projets de fabrication cl\u00e9 en main \u00e0 faible volume et haute complexit\u00e9 Principe de fonctionnement L&rsquo;entreprise poss\u00e8de une expertise dans la r\u00e9alisation de projets cl\u00e9 en main de haute complexit\u00e9 r\u00e9pondant aux exigences suivantes : Conception et ing\u00e9nierie sur mesure ; Fabrication int\u00e9gr\u00e9e, et ; Installation sur [&hellip;]<\/p>\n","protected":false},"author":2,"featured_media":0,"parent":6114,"menu_order":0,"comment_status":"closed","ping_status":"closed","template":"page-template\/page-simulation-hardware.php","meta":{"_monsterinsights_skip_tracking":false,"_monsterinsights_sitenote_active":false,"_monsterinsights_sitenote_note":"","_monsterinsights_sitenote_category":0,"footnotes":""},"class_list":["post-6117","page","type-page","status-publish","hentry"],"acf":[],"yoast_head":"<!-- This site is optimized with the Yoast SEO plugin v27.3 - https:\/\/yoast.com\/product\/yoast-seo-wordpress\/ -->\n<title>Fabrication cl\u00e9 en main - Imagine 4D<\/title>\n<meta name=\"description\" content=\"Fabrication cl\u00e9 en main : capacit\u00e9s de conception, fabrication et d\u00e9ploiement de mat\u00e9riel \u00e9lectro-m\u00e9canique pour applications de simulation.\" \/>\n<meta name=\"robots\" content=\"index, follow, max-snippet:-1, max-image-preview:large, max-video-preview:-1\" \/>\n<link rel=\"canonical\" href=\"https:\/\/imagine-4d.com\/fr\/produits-services\/fabrication-cle-en-main\/\" \/>\n<meta property=\"og:locale\" content=\"fr_FR\" \/>\n<meta property=\"og:type\" content=\"article\" \/>\n<meta property=\"og:title\" content=\"Fabrication cl\u00e9 en main - Imagine 4D\" \/>\n<meta property=\"og:description\" content=\"Fabrication cl\u00e9 en main : capacit\u00e9s de conception, fabrication et d\u00e9ploiement de mat\u00e9riel \u00e9lectro-m\u00e9canique pour applications de simulation.\" \/>\n<meta property=\"og:url\" content=\"https:\/\/imagine-4d.com\/fr\/produits-services\/fabrication-cle-en-main\/\" \/>\n<meta property=\"og:site_name\" content=\"Imagine 4D\" \/>\n<meta property=\"article:modified_time\" content=\"2025-09-23T17:40:52+00:00\" \/>\n<meta property=\"og:image\" content=\"https:\/\/imagine-4d.com\/wp-content\/themes\/imagine4d\/img\/arrow-chevron.svg\" \/>\n<meta name=\"twitter:card\" content=\"summary_large_image\" \/>\n<script type=\"application\/ld+json\" class=\"yoast-schema-graph\">{\"@context\":\"https:\\\/\\\/schema.org\",\"@graph\":[{\"@type\":\"WebPage\",\"@id\":\"https:\\\/\\\/imagine-4d.com\\\/fr\\\/produits-services\\\/fabrication-cle-en-main\\\/\",\"url\":\"https:\\\/\\\/imagine-4d.com\\\/fr\\\/produits-services\\\/fabrication-cle-en-main\\\/\",\"name\":\"Fabrication cl\u00e9 en main - Imagine 4D\",\"isPartOf\":{\"@id\":\"\\\/#website\"},\"primaryImageOfPage\":{\"@id\":\"https:\\\/\\\/imagine-4d.com\\\/fr\\\/produits-services\\\/fabrication-cle-en-main\\\/#primaryimage\"},\"image\":{\"@id\":\"https:\\\/\\\/imagine-4d.com\\\/fr\\\/produits-services\\\/fabrication-cle-en-main\\\/#primaryimage\"},\"thumbnailUrl\":\"https:\\\/\\\/imagine-4d.com\\\/wp-content\\\/themes\\\/imagine4d\\\/img\\\/arrow-chevron.svg\",\"datePublished\":\"2025-03-26T15:41:09+00:00\",\"dateModified\":\"2025-09-23T17:40:52+00:00\",\"description\":\"Fabrication cl\u00e9 en main : capacit\u00e9s de conception, fabrication et d\u00e9ploiement de mat\u00e9riel \u00e9lectro-m\u00e9canique pour applications de simulation.\",\"breadcrumb\":{\"@id\":\"https:\\\/\\\/imagine-4d.com\\\/fr\\\/produits-services\\\/fabrication-cle-en-main\\\/#breadcrumb\"},\"inLanguage\":\"fr-FR\",\"potentialAction\":[{\"@type\":\"ReadAction\",\"target\":[\"https:\\\/\\\/imagine-4d.com\\\/fr\\\/produits-services\\\/fabrication-cle-en-main\\\/\"]}]},{\"@type\":\"ImageObject\",\"inLanguage\":\"fr-FR\",\"@id\":\"https:\\\/\\\/imagine-4d.com\\\/fr\\\/produits-services\\\/fabrication-cle-en-main\\\/#primaryimage\",\"url\":\"https:\\\/\\\/imagine-4d.com\\\/wp-content\\\/themes\\\/imagine4d\\\/img\\\/arrow-chevron.svg\",\"contentUrl\":\"https:\\\/\\\/imagine-4d.com\\\/wp-content\\\/themes\\\/imagine4d\\\/img\\\/arrow-chevron.svg\"},{\"@type\":\"BreadcrumbList\",\"@id\":\"https:\\\/\\\/imagine-4d.com\\\/fr\\\/produits-services\\\/fabrication-cle-en-main\\\/#breadcrumb\",\"itemListElement\":[{\"@type\":\"ListItem\",\"position\":1,\"name\":\"Accueil\",\"item\":\"https:\\\/\\\/imagine-4d.com\\\/fr\\\/\"},{\"@type\":\"ListItem\",\"position\":2,\"name\":\"Produits et services\",\"item\":\"https:\\\/\\\/imagine-4d.com\\\/fr\\\/product-services\\\/\"},{\"@type\":\"ListItem\",\"position\":3,\"name\":\"Fabrication cl\u00e9 en main\"}]},{\"@type\":\"WebSite\",\"@id\":\"\\\/#website\",\"url\":\"\\\/\",\"name\":\"Imagine 4D\",\"description\":\"Visualisation 3D et technologie immersive\",\"potentialAction\":[{\"@type\":\"SearchAction\",\"target\":{\"@type\":\"EntryPoint\",\"urlTemplate\":\"\\\/?s={search_term_string}\"},\"query-input\":{\"@type\":\"PropertyValueSpecification\",\"valueRequired\":true,\"valueName\":\"search_term_string\"}}],\"inLanguage\":\"fr-FR\"}]}<\/script>\n<!-- \/ Yoast SEO plugin. -->","yoast_head_json":{"title":"Fabrication cl\u00e9 en main - Imagine 4D","description":"Fabrication cl\u00e9 en main : capacit\u00e9s de conception, fabrication et d\u00e9ploiement de mat\u00e9riel \u00e9lectro-m\u00e9canique pour applications de simulation.","robots":{"index":"index","follow":"follow","max-snippet":"max-snippet:-1","max-image-preview":"max-image-preview:large","max-video-preview":"max-video-preview:-1"},"canonical":"https:\/\/imagine-4d.com\/fr\/produits-services\/fabrication-cle-en-main\/","og_locale":"fr_FR","og_type":"article","og_title":"Fabrication cl\u00e9 en main - Imagine 4D","og_description":"Fabrication cl\u00e9 en main : capacit\u00e9s de conception, fabrication et d\u00e9ploiement de mat\u00e9riel \u00e9lectro-m\u00e9canique pour applications de simulation.","og_url":"https:\/\/imagine-4d.com\/fr\/produits-services\/fabrication-cle-en-main\/","og_site_name":"Imagine 4D","article_modified_time":"2025-09-23T17:40:52+00:00","og_image":[{"url":"https:\/\/imagine-4d.com\/wp-content\/themes\/imagine4d\/img\/arrow-chevron.svg","type":"","width":"","height":""}],"twitter_card":"summary_large_image","schema":{"@context":"https:\/\/schema.org","@graph":[{"@type":"WebPage","@id":"https:\/\/imagine-4d.com\/fr\/produits-services\/fabrication-cle-en-main\/","url":"https:\/\/imagine-4d.com\/fr\/produits-services\/fabrication-cle-en-main\/","name":"Fabrication cl\u00e9 en main - Imagine 4D","isPartOf":{"@id":"\/#website"},"primaryImageOfPage":{"@id":"https:\/\/imagine-4d.com\/fr\/produits-services\/fabrication-cle-en-main\/#primaryimage"},"image":{"@id":"https:\/\/imagine-4d.com\/fr\/produits-services\/fabrication-cle-en-main\/#primaryimage"},"thumbnailUrl":"https:\/\/imagine-4d.com\/wp-content\/themes\/imagine4d\/img\/arrow-chevron.svg","datePublished":"2025-03-26T15:41:09+00:00","dateModified":"2025-09-23T17:40:52+00:00","description":"Fabrication cl\u00e9 en main : capacit\u00e9s de conception, fabrication et d\u00e9ploiement de mat\u00e9riel \u00e9lectro-m\u00e9canique pour applications de simulation.","breadcrumb":{"@id":"https:\/\/imagine-4d.com\/fr\/produits-services\/fabrication-cle-en-main\/#breadcrumb"},"inLanguage":"fr-FR","potentialAction":[{"@type":"ReadAction","target":["https:\/\/imagine-4d.com\/fr\/produits-services\/fabrication-cle-en-main\/"]}]},{"@type":"ImageObject","inLanguage":"fr-FR","@id":"https:\/\/imagine-4d.com\/fr\/produits-services\/fabrication-cle-en-main\/#primaryimage","url":"https:\/\/imagine-4d.com\/wp-content\/themes\/imagine4d\/img\/arrow-chevron.svg","contentUrl":"https:\/\/imagine-4d.com\/wp-content\/themes\/imagine4d\/img\/arrow-chevron.svg"},{"@type":"BreadcrumbList","@id":"https:\/\/imagine-4d.com\/fr\/produits-services\/fabrication-cle-en-main\/#breadcrumb","itemListElement":[{"@type":"ListItem","position":1,"name":"Accueil","item":"https:\/\/imagine-4d.com\/fr\/"},{"@type":"ListItem","position":2,"name":"Produits et services","item":"https:\/\/imagine-4d.com\/fr\/product-services\/"},{"@type":"ListItem","position":3,"name":"Fabrication cl\u00e9 en main"}]},{"@type":"WebSite","@id":"\/#website","url":"\/","name":"Imagine 4D","description":"Visualisation 3D et technologie immersive","potentialAction":[{"@type":"SearchAction","target":{"@type":"EntryPoint","urlTemplate":"\/?s={search_term_string}"},"query-input":{"@type":"PropertyValueSpecification","valueRequired":true,"valueName":"search_term_string"}}],"inLanguage":"fr-FR"}]}},"_links":{"self":[{"href":"https:\/\/imagine-4d.com\/fr\/wp-json\/wp\/v2\/pages\/6117","targetHints":{"allow":["GET"]}}],"collection":[{"href":"https:\/\/imagine-4d.com\/fr\/wp-json\/wp\/v2\/pages"}],"about":[{"href":"https:\/\/imagine-4d.com\/fr\/wp-json\/wp\/v2\/types\/page"}],"author":[{"embeddable":true,"href":"https:\/\/imagine-4d.com\/fr\/wp-json\/wp\/v2\/users\/2"}],"replies":[{"embeddable":true,"href":"https:\/\/imagine-4d.com\/fr\/wp-json\/wp\/v2\/comments?post=6117"}],"version-history":[{"count":20,"href":"https:\/\/imagine-4d.com\/fr\/wp-json\/wp\/v2\/pages\/6117\/revisions"}],"predecessor-version":[{"id":6925,"href":"https:\/\/imagine-4d.com\/fr\/wp-json\/wp\/v2\/pages\/6117\/revisions\/6925"}],"up":[{"embeddable":true,"href":"https:\/\/imagine-4d.com\/fr\/wp-json\/wp\/v2\/pages\/6114"}],"wp:attachment":[{"href":"https:\/\/imagine-4d.com\/fr\/wp-json\/wp\/v2\/media?parent=6117"}],"curies":[{"name":"wp","href":"https:\/\/api.w.org\/{rel}","templated":true}]}}