{"id":6116,"date":"2025-03-26T15:40:47","date_gmt":"2025-03-26T15:40:47","guid":{"rendered":"https:\/\/imagine-4d.com\/product-services\/immersive-visualization\/"},"modified":"2025-09-23T16:53:33","modified_gmt":"2025-09-23T16:53:33","slug":"visualisation-immersive","status":"publish","type":"page","link":"https:\/\/imagine-4d.com\/fr\/produits-services\/visualisation-immersive\/","title":{"rendered":"Visualisation immersive"},"content":{"rendered":"","protected":false},"excerpt":{"rendered":"","protected":false},"author":2,"featured_media":0,"parent":6114,"menu_order":0,"comment_status":"closed","ping_status":"closed","template":"page-template\/page-immersive-visualization.php","meta":{"_monsterinsights_skip_tracking":false,"_monsterinsights_sitenote_active":false,"_monsterinsights_sitenote_note":"","_monsterinsights_sitenote_category":0,"footnotes":""},"class_list":["post-6116","page","type-page","status-publish","hentry"],"acf":[],"yoast_head":"<!-- This site is optimized with the Yoast SEO plugin v27.3 - https:\/\/yoast.com\/product\/yoast-seo-wordpress\/ -->\n<title>Visualisation immersive - Imagine 4D<\/title>\n<meta name=\"description\" content=\"Transportez les utilisateurs dans des environnements 3D hautement r\u00e9alistes sans casque gr\u00e2ce \u00e0 nos solutions de visualisation immersive comme notre Station IX\u00ae.\" \/>\n<meta name=\"robots\" content=\"index, follow, max-snippet:-1, max-image-preview:large, max-video-preview:-1\" \/>\n<link rel=\"canonical\" href=\"https:\/\/imagine-4d.com\/fr\/produits-services\/visualisation-immersive\/\" \/>\n<meta property=\"og:locale\" content=\"fr_FR\" \/>\n<meta property=\"og:type\" content=\"article\" \/>\n<meta property=\"og:title\" content=\"Visualisation immersive - Imagine 4D\" \/>\n<meta property=\"og:description\" content=\"Transportez les utilisateurs dans des environnements 3D hautement r\u00e9alistes sans casque gr\u00e2ce \u00e0 nos solutions de visualisation immersive comme notre Station IX\u00ae.\" \/>\n<meta property=\"og:url\" content=\"https:\/\/imagine-4d.com\/fr\/produits-services\/visualisation-immersive\/\" \/>\n<meta property=\"og:site_name\" content=\"Imagine 4D\" \/>\n<meta property=\"article:modified_time\" content=\"2025-09-23T16:53:33+00:00\" \/>\n<meta name=\"twitter:card\" content=\"summary_large_image\" \/>\n<script type=\"application\/ld+json\" class=\"yoast-schema-graph\">{\"@context\":\"https:\\\/\\\/schema.org\",\"@graph\":[{\"@type\":\"WebPage\",\"@id\":\"https:\\\/\\\/imagine-4d.com\\\/fr\\\/produits-services\\\/visualisation-immersive\\\/\",\"url\":\"https:\\\/\\\/imagine-4d.com\\\/fr\\\/produits-services\\\/visualisation-immersive\\\/\",\"name\":\"Visualisation immersive - Imagine 4D\",\"isPartOf\":{\"@id\":\"\\\/#website\"},\"datePublished\":\"2025-03-26T15:40:47+00:00\",\"dateModified\":\"2025-09-23T16:53:33+00:00\",\"description\":\"Transportez les utilisateurs dans des environnements 3D hautement r\u00e9alistes sans casque gr\u00e2ce \u00e0 nos solutions de visualisation immersive comme notre Station IX\u00ae.\",\"breadcrumb\":{\"@id\":\"https:\\\/\\\/imagine-4d.com\\\/fr\\\/produits-services\\\/visualisation-immersive\\\/#breadcrumb\"},\"inLanguage\":\"fr-FR\",\"potentialAction\":[{\"@type\":\"ReadAction\",\"target\":[\"https:\\\/\\\/imagine-4d.com\\\/fr\\\/produits-services\\\/visualisation-immersive\\\/\"]}]},{\"@type\":\"BreadcrumbList\",\"@id\":\"https:\\\/\\\/imagine-4d.com\\\/fr\\\/produits-services\\\/visualisation-immersive\\\/#breadcrumb\",\"itemListElement\":[{\"@type\":\"ListItem\",\"position\":1,\"name\":\"Accueil\",\"item\":\"https:\\\/\\\/imagine-4d.com\\\/fr\\\/\"},{\"@type\":\"ListItem\",\"position\":2,\"name\":\"Produits et services\",\"item\":\"https:\\\/\\\/imagine-4d.com\\\/fr\\\/product-services\\\/\"},{\"@type\":\"ListItem\",\"position\":3,\"name\":\"Visualisation immersive\"}]},{\"@type\":\"WebSite\",\"@id\":\"\\\/#website\",\"url\":\"\\\/\",\"name\":\"Imagine 4D\",\"description\":\"Visualisation 3D et technologie immersive\",\"potentialAction\":[{\"@type\":\"SearchAction\",\"target\":{\"@type\":\"EntryPoint\",\"urlTemplate\":\"\\\/?s={search_term_string}\"},\"query-input\":{\"@type\":\"PropertyValueSpecification\",\"valueRequired\":true,\"valueName\":\"search_term_string\"}}],\"inLanguage\":\"fr-FR\"}]}<\/script>\n<!-- \/ Yoast SEO plugin. -->","yoast_head_json":{"title":"Visualisation immersive - Imagine 4D","description":"Transportez les utilisateurs dans des environnements 3D hautement r\u00e9alistes sans casque gr\u00e2ce \u00e0 nos solutions de visualisation immersive comme notre Station IX\u00ae.","robots":{"index":"index","follow":"follow","max-snippet":"max-snippet:-1","max-image-preview":"max-image-preview:large","max-video-preview":"max-video-preview:-1"},"canonical":"https:\/\/imagine-4d.com\/fr\/produits-services\/visualisation-immersive\/","og_locale":"fr_FR","og_type":"article","og_title":"Visualisation immersive - Imagine 4D","og_description":"Transportez les utilisateurs dans des environnements 3D hautement r\u00e9alistes sans casque gr\u00e2ce \u00e0 nos solutions de visualisation immersive comme notre Station IX\u00ae.","og_url":"https:\/\/imagine-4d.com\/fr\/produits-services\/visualisation-immersive\/","og_site_name":"Imagine 4D","article_modified_time":"2025-09-23T16:53:33+00:00","twitter_card":"summary_large_image","schema":{"@context":"https:\/\/schema.org","@graph":[{"@type":"WebPage","@id":"https:\/\/imagine-4d.com\/fr\/produits-services\/visualisation-immersive\/","url":"https:\/\/imagine-4d.com\/fr\/produits-services\/visualisation-immersive\/","name":"Visualisation immersive - Imagine 4D","isPartOf":{"@id":"\/#website"},"datePublished":"2025-03-26T15:40:47+00:00","dateModified":"2025-09-23T16:53:33+00:00","description":"Transportez les utilisateurs dans des environnements 3D hautement r\u00e9alistes sans casque gr\u00e2ce \u00e0 nos solutions de visualisation immersive comme notre Station IX\u00ae.","breadcrumb":{"@id":"https:\/\/imagine-4d.com\/fr\/produits-services\/visualisation-immersive\/#breadcrumb"},"inLanguage":"fr-FR","potentialAction":[{"@type":"ReadAction","target":["https:\/\/imagine-4d.com\/fr\/produits-services\/visualisation-immersive\/"]}]},{"@type":"BreadcrumbList","@id":"https:\/\/imagine-4d.com\/fr\/produits-services\/visualisation-immersive\/#breadcrumb","itemListElement":[{"@type":"ListItem","position":1,"name":"Accueil","item":"https:\/\/imagine-4d.com\/fr\/"},{"@type":"ListItem","position":2,"name":"Produits et services","item":"https:\/\/imagine-4d.com\/fr\/product-services\/"},{"@type":"ListItem","position":3,"name":"Visualisation immersive"}]},{"@type":"WebSite","@id":"\/#website","url":"\/","name":"Imagine 4D","description":"Visualisation 3D et technologie immersive","potentialAction":[{"@type":"SearchAction","target":{"@type":"EntryPoint","urlTemplate":"\/?s={search_term_string}"},"query-input":{"@type":"PropertyValueSpecification","valueRequired":true,"valueName":"search_term_string"}}],"inLanguage":"fr-FR"}]}},"_links":{"self":[{"href":"https:\/\/imagine-4d.com\/fr\/wp-json\/wp\/v2\/pages\/6116","targetHints":{"allow":["GET"]}}],"collection":[{"href":"https:\/\/imagine-4d.com\/fr\/wp-json\/wp\/v2\/pages"}],"about":[{"href":"https:\/\/imagine-4d.com\/fr\/wp-json\/wp\/v2\/types\/page"}],"author":[{"embeddable":true,"href":"https:\/\/imagine-4d.com\/fr\/wp-json\/wp\/v2\/users\/2"}],"replies":[{"embeddable":true,"href":"https:\/\/imagine-4d.com\/fr\/wp-json\/wp\/v2\/comments?post=6116"}],"version-history":[{"count":3,"href":"https:\/\/imagine-4d.com\/fr\/wp-json\/wp\/v2\/pages\/6116\/revisions"}],"predecessor-version":[{"id":6394,"href":"https:\/\/imagine-4d.com\/fr\/wp-json\/wp\/v2\/pages\/6116\/revisions\/6394"}],"up":[{"embeddable":true,"href":"https:\/\/imagine-4d.com\/fr\/wp-json\/wp\/v2\/pages\/6114"}],"wp:attachment":[{"href":"https:\/\/imagine-4d.com\/fr\/wp-json\/wp\/v2\/media?parent=6116"}],"curies":[{"name":"wp","href":"https:\/\/api.w.org\/{rel}","templated":true}]}}