{"id":6112,"date":"2025-03-26T15:42:42","date_gmt":"2025-03-26T15:42:42","guid":{"rendered":"https:\/\/imagine-4d.com\/industries\/power-utilities-digital-twin-solution\/"},"modified":"2025-10-20T19:35:03","modified_gmt":"2025-10-20T19:35:03","slug":"energie-et-services-publics","status":"publish","type":"page","link":"https:\/\/imagine-4d.com\/fr\/industries\/energie-et-services-publics\/","title":{"rendered":"\u00c9nergie et services publics"},"content":{"rendered":"<!-- banner starts -->\r\n<div class=\"common-banner\">\r\n<div class=\"container\"><nav aria-label=\"breadcrumb\">\r\n<ol class=\"breadcrumb\">\r\n<li class=\"breadcrumb-item\"><a href=\"#\">Industries<\/a><\/li>\r\n<li class=\"breadcrumb-item active\" aria-current=\"page\">\u00c9lectricit\u00e9 et services publics<\/li>\r\n<\/ol>\r\n<\/nav>\r\n<div class=\"row justify-content-center align-items-center\">\r\n<div class=\"col-md-6\">\r\n<h3>Transformation num\u00e9rique pour un secteur \u00e9nerg\u00e9tique <span class=\"color-change\">durable et performant<\/span><\/h3>\r\n<div class=\"banner-btn\"><a class=\"btn-secondary\" href=\"https:\/\/imagine-4d.com\/fr\/contact\/\">En savoir plus<\/a> <a class=\"btn-secondary\" href=\"#\">Services<\/a><\/div>\r\n<\/div>\r\n<div class=\"col-md-6\">\r\n<div class=\"common-banner-text\">\r\n<p>Donnez \u00e0 vos \u00e9quipes les moyens d&rsquo;am\u00e9liorer les op\u00e9rations gr\u00e2ce \u00e0 <span class=\"color-change\">un centre d&rsquo;information num\u00e9rique<\/span>, des analyses int\u00e9gr\u00e9es et des capacit\u00e9s de visualisation.<\/p>\r\n<\/div>\r\n<\/div>\r\n<\/div>\r\n<\/div>\r\n<\/div>\r\n<!-- industry-img -->\r\n<p><img decoding=\"async\" class=\"img-fluid img-fluid\" style=\"width: 100%;\" src=\"https:\/\/imagine-4d.com\/wp-content\/uploads\/2025\/09\/DT-shutterstock_1821601766-copy-1-1.webp\" alt=\"industries\"\/><\/p>\r\n<div class=\"industry-two-colum two-colum\">\r\n<div class=\"container\">\r\n<div class=\"row\">\r\n<div class=\"col-md-6\">\r\n<div class=\"description\">\r\n<h2>Op\u00e9rations intelligentes<\/h2>\r\n<h4>Lib\u00e9rez le potentiel des op\u00e9rations intelligentes de centrales \u00e9lectriques et de services publics avec les technologies de jumeaux num\u00e9riques d&rsquo;Imagine 4D.<\/h4>\r\n<\/div>\r\n<\/div>\r\n<div class=\"col-md-6\">\r\n<div class=\"industry-text description\">\r\n<h4>D\u00e9velopper les capacit\u00e9s d&rsquo;initiative du personnel<\/h4>\r\n<ul>\r\n<li>Am\u00e9liorez les comp\u00e9tences de vos travailleurs gr\u00e2ce \u00e0 une formation efficace.<\/li>\r\n<li>\u00c9liminez les silos et connectez vos travailleurs aux donn\u00e9es pertinentes pour rendre vos op\u00e9rations plus agiles et efficaces.<\/li>\r\n<\/ul>\r\nD\u00e9couvrez comment une grande centrale nucl\u00e9aire a am\u00e9lior\u00e9 les comp\u00e9tences de ses travailleurs tout en r\u00e9duisant les co\u00fbts de formation.\r\n<div class=\"banner-btn\"><a class=\"btn-line\">Solution pour centrale nucl\u00e9aire<\/a><\/div>\r\n<\/div>\r\n<\/div>\r\n<\/div>\r\n<\/div>\r\n<\/div>\r\n<div class=\"industry-block bg-light\">\r\n<div class=\"container\">\r\n<div class=\"row justify-content-center align-items-center\">\r\n<div class=\"col-md-6\">\r\n<div class=\"description\">\r\n<h4>Acc\u00e9l\u00e9rez la prise de d\u00e9cision gr\u00e2ce \u00e0 la disponibilit\u00e9 des donn\u00e9es et des flux de travail rationalis\u00e9s.<\/h4>\r\n<ul>\r\n<li>Exploitez la simulation et les donn\u00e9es en temps r\u00e9el pour am\u00e9liorer les op\u00e9rations, la s\u00e9curit\u00e9 et les co\u00fbts. <\/li>\r\n<li> Facilitez l&rsquo;acc\u00e8s aux donn\u00e9es op\u00e9rationnelles dans les processus de travail pour diagnostiquer et optimiser plus efficacement les op\u00e9rations.<\/li>\r\n<\/ul>\r\n<a class=\"btn-line\">En apprendre davantage<\/a><\/div>\r\n<\/div>\r\n<div class=\"col-md-6\">\r\n<div class=\"industry-img\"><img decoding=\"async\" class=\"img-fluid img-fluid\" src=\"https:\/\/imagine-4d.com\/wp-content\/uploads\/2025\/03\/shutterstock_2492758797-1.png\" alt=\"\"\/><\/div>\r\n<\/div>\r\n<\/div>\r\n<\/div>\r\n<\/div>\r\n<div class=\"industry-block bg-light\">\r\n<div class=\"container\">\r\n<div class=\"row flex-row-reverse justify-content-center align-items-center\">\r\n<div class=\"col-md-6\">\r\n<div class=\"description\">\r\n<h4>Donnez les moyens d&rsquo;agir \u00e0 vos employ\u00e9s\u2014des op\u00e9rateurs aux cadres dirigeants<\/h4>\r\n<ul>\r\n<li>Augmentez la productivit\u00e9 gr\u00e2ce \u00e0 la disponibilit\u00e9 des donn\u00e9es et au support \u00e0 la prise de d\u00e9cision, aux flux de travail efficaces et aux capacit\u00e9s de visualisation. <\/li>\r\n<li> Attirez les talents, d\u00e9veloppez leurs comp\u00e9tences et assurez leur r\u00e9tention gr\u00e2ce \u00e0 des solutions de visualisation, des m\u00e9thodes d&rsquo;apprentissage immersives et la gestion des connaissances d&rsquo;entreprise.<\/li>\r\n<\/ul>\r\n<\/div>\r\n<\/div>\r\n<div class=\"col-md-6\">\r\n<div class=\"industry-img left-reverse\"><img decoding=\"async\" class=\"img-fluid img-fluid\" src=\"https:\/\/imagine-4d.com\/wp-content\/uploads\/2025\/03\/shutterstock_2512795997-1.png\" alt=\"\"\/><\/div>\r\n<\/div>\r\n<\/div>\r\n<\/div>\r\n<\/div>\r\n<div class=\"industry-block bg-light last-block-img\">\r\n<div class=\"container\">\r\n<div class=\"row justify-content-center align-items-center\">\r\n<div class=\"col-md-6\">\r\n<div class=\"description\">\r\n<h4>Renforcez la fiabilit\u00e9 et la s\u00fbret\u00e9 des \u00e9quipements<\/h4>\r\n<ul>\r\n<li>Maximisez la sant\u00e9 et les performances des actifs gr\u00e2ce \u00e0 la surveillance en temps r\u00e9el, l&rsquo;analyse pr\u00e9dictive et les alertes avanc\u00e9es. <\/li>\r\n<li> Donnez du pouvoir aux op\u00e9rateurs gr\u00e2ce \u00e0 des donn\u00e9es pertinentes et opportunes, des flux de travail de maintenance simplifi\u00e9s et la gestion des connaissances d&rsquo;entreprise.<\/li>\r\n<\/ul>\r\n<div class=\"banner-btn\"><a class=\"btn-line\">Solution pour centrale nucl\u00e9aire<\/a><\/div>\r\n<\/div>\r\n<\/div>\r\n<div class=\"col-md-6\">\r\n<div class=\"industry-img\"><img decoding=\"async\" class=\"img-fluid img-fluid\" src=\"https:\/\/imagine-4d.com\/wp-content\/themes\/imagine4d\/img\/industry-hardware.png\" alt=\"\"\/><\/div>\r\n<\/div>\r\n<\/div>\r\n<h5>D\u00e9couvrez comment les entreprises utilisent les jumeaux num\u00e9riques et les solutions de visualisation immersive d&rsquo;Imagine 4D pour am\u00e9liorer leurs op\u00e9rations.<\/h5>\r\n<\/div>\r\n<\/div>\r\n<!-- industry block ends -->\r\n<div class=\"container\">\r\n<div class=\"leharris-maps\">\r\n<div class=\"row\">\r\n<div class=\"col-md-5\">\r\n<div class=\"maps-description\">\u00c9tude de cas\r\n<h4>Solution de jumeau num\u00e9rique pour centrale nucl\u00e9aire<\/h4>\r\n<p>D\u00e9couvrez comment le jumeau num\u00e9rique d&rsquo;Imagine 4D entame la transformation num\u00e9rique de ce client, dans les domaines de la formation et des op\u00e9rations, avec une application de jumeau num\u00e9rique riche disponible pour un grand nombre de ses employ\u00e9s.<\/p>\r\n<div class=\"banner-btn\"><a class=\"btn-secondary\" href=\"#\">Lire l&rsquo;\u00e9tude de cas<\/a><\/div>\r\n<\/div>\r\n<\/div>\r\n<div class=\"col-md-7\"><img decoding=\"async\" class=\"img-fluid img-fluid\" src=\"https:\/\/imagine-4d.com\/wp-content\/themes\/imagine4d\/img\/leharrs.png\" alt=\"img\"\/><\/div>\r\n<\/div>\r\n<\/div>\r\n<\/div>\r\n","protected":false},"excerpt":{"rendered":"<p>Industries \u00c9lectricit\u00e9 et services publics Transformation num\u00e9rique pour un secteur \u00e9nerg\u00e9tique durable et performant En savoir plus Services Donnez \u00e0 vos \u00e9quipes les moyens d&rsquo;am\u00e9liorer les op\u00e9rations gr\u00e2ce \u00e0 un centre d&rsquo;information num\u00e9rique, des analyses int\u00e9gr\u00e9es et des capacit\u00e9s de visualisation. Op\u00e9rations intelligentes Lib\u00e9rez le potentiel des op\u00e9rations intelligentes de centrales \u00e9lectriques et de services [&hellip;]<\/p>\n","protected":false},"author":2,"featured_media":0,"parent":6109,"menu_order":0,"comment_status":"closed","ping_status":"closed","template":"page-template\/page-industry-power&utilities.php","meta":{"_monsterinsights_skip_tracking":false,"_monsterinsights_sitenote_active":false,"_monsterinsights_sitenote_note":"","_monsterinsights_sitenote_category":0,"footnotes":""},"class_list":["post-6112","page","type-page","status-publish","hentry"],"acf":[],"yoast_head":"<!-- This site is optimized with the Yoast SEO plugin v27.3 - https:\/\/yoast.com\/product\/yoast-seo-wordpress\/ -->\n<title>\u00c9nergie et services publics - Imagine 4D<\/title>\n<meta name=\"description\" content=\"Lib\u00e9rez le potentiel des op\u00e9rations intelligentes de centrales \u00e9lectriques et de services publics avec nos technologies de jumeaux num\u00e9riques et nos solutions de visualisation immersive.\" \/>\n<meta name=\"robots\" content=\"index, follow, max-snippet:-1, max-image-preview:large, max-video-preview:-1\" \/>\n<link rel=\"canonical\" href=\"https:\/\/imagine-4d.com\/fr\/industries\/energie-et-services-publics\/\" \/>\n<meta property=\"og:locale\" content=\"fr_FR\" \/>\n<meta property=\"og:type\" content=\"article\" \/>\n<meta property=\"og:title\" content=\"\u00c9nergie et services publics - Imagine 4D\" \/>\n<meta property=\"og:description\" content=\"Lib\u00e9rez le potentiel des op\u00e9rations intelligentes de centrales \u00e9lectriques et de services publics avec nos technologies de jumeaux num\u00e9riques et nos solutions de visualisation immersive.\" \/>\n<meta property=\"og:url\" content=\"https:\/\/imagine-4d.com\/fr\/industries\/energie-et-services-publics\/\" \/>\n<meta property=\"og:site_name\" content=\"Imagine 4D\" \/>\n<meta property=\"article:modified_time\" content=\"2025-10-20T19:35:03+00:00\" \/>\n<meta property=\"og:image\" content=\"https:\/\/imagine-4d.com\/wp-content\/uploads\/2025\/09\/DT-shutterstock_1821601766-copy-1-1.webp\" \/>\n<meta name=\"twitter:card\" content=\"summary_large_image\" \/>\n<meta name=\"twitter:label1\" content=\"Dur\u00e9e de lecture estim\u00e9e\" \/>\n\t<meta name=\"twitter:data1\" content=\"3 minutes\" \/>\n<script type=\"application\/ld+json\" class=\"yoast-schema-graph\">{\"@context\":\"https:\\\/\\\/schema.org\",\"@graph\":[{\"@type\":\"WebPage\",\"@id\":\"https:\\\/\\\/imagine-4d.com\\\/fr\\\/industries\\\/energie-et-services-publics\\\/\",\"url\":\"https:\\\/\\\/imagine-4d.com\\\/fr\\\/industries\\\/energie-et-services-publics\\\/\",\"name\":\"\u00c9nergie et services publics - Imagine 4D\",\"isPartOf\":{\"@id\":\"\\\/#website\"},\"primaryImageOfPage\":{\"@id\":\"https:\\\/\\\/imagine-4d.com\\\/fr\\\/industries\\\/energie-et-services-publics\\\/#primaryimage\"},\"image\":{\"@id\":\"https:\\\/\\\/imagine-4d.com\\\/fr\\\/industries\\\/energie-et-services-publics\\\/#primaryimage\"},\"thumbnailUrl\":\"https:\\\/\\\/imagine-4d.com\\\/wp-content\\\/uploads\\\/2025\\\/09\\\/DT-shutterstock_1821601766-copy-1-1.webp\",\"datePublished\":\"2025-03-26T15:42:42+00:00\",\"dateModified\":\"2025-10-20T19:35:03+00:00\",\"description\":\"Lib\u00e9rez le potentiel des op\u00e9rations intelligentes de centrales \u00e9lectriques et de services publics avec nos technologies de jumeaux num\u00e9riques et nos solutions de visualisation immersive.\",\"breadcrumb\":{\"@id\":\"https:\\\/\\\/imagine-4d.com\\\/fr\\\/industries\\\/energie-et-services-publics\\\/#breadcrumb\"},\"inLanguage\":\"fr-FR\",\"potentialAction\":[{\"@type\":\"ReadAction\",\"target\":[\"https:\\\/\\\/imagine-4d.com\\\/fr\\\/industries\\\/energie-et-services-publics\\\/\"]}]},{\"@type\":\"ImageObject\",\"inLanguage\":\"fr-FR\",\"@id\":\"https:\\\/\\\/imagine-4d.com\\\/fr\\\/industries\\\/energie-et-services-publics\\\/#primaryimage\",\"url\":\"https:\\\/\\\/imagine-4d.com\\\/wp-content\\\/uploads\\\/2025\\\/09\\\/DT-shutterstock_1821601766-copy-1-1.webp\",\"contentUrl\":\"https:\\\/\\\/imagine-4d.com\\\/wp-content\\\/uploads\\\/2025\\\/09\\\/DT-shutterstock_1821601766-copy-1-1.webp\"},{\"@type\":\"BreadcrumbList\",\"@id\":\"https:\\\/\\\/imagine-4d.com\\\/fr\\\/industries\\\/energie-et-services-publics\\\/#breadcrumb\",\"itemListElement\":[{\"@type\":\"ListItem\",\"position\":1,\"name\":\"Accueil\",\"item\":\"https:\\\/\\\/imagine-4d.com\\\/fr\\\/\"},{\"@type\":\"ListItem\",\"position\":2,\"name\":\"Industries\",\"item\":\"https:\\\/\\\/imagine-4d.com\\\/fr\\\/industries\\\/\"},{\"@type\":\"ListItem\",\"position\":3,\"name\":\"\u00c9nergie et services publics\"}]},{\"@type\":\"WebSite\",\"@id\":\"\\\/#website\",\"url\":\"\\\/\",\"name\":\"Imagine 4D\",\"description\":\"Visualisation 3D et technologie immersive\",\"potentialAction\":[{\"@type\":\"SearchAction\",\"target\":{\"@type\":\"EntryPoint\",\"urlTemplate\":\"\\\/?s={search_term_string}\"},\"query-input\":{\"@type\":\"PropertyValueSpecification\",\"valueRequired\":true,\"valueName\":\"search_term_string\"}}],\"inLanguage\":\"fr-FR\"}]}<\/script>\n<!-- \/ Yoast SEO plugin. -->","yoast_head_json":{"title":"\u00c9nergie et services publics - Imagine 4D","description":"Lib\u00e9rez le potentiel des op\u00e9rations intelligentes de centrales \u00e9lectriques et de services publics avec nos technologies de jumeaux num\u00e9riques et nos solutions de visualisation immersive.","robots":{"index":"index","follow":"follow","max-snippet":"max-snippet:-1","max-image-preview":"max-image-preview:large","max-video-preview":"max-video-preview:-1"},"canonical":"https:\/\/imagine-4d.com\/fr\/industries\/energie-et-services-publics\/","og_locale":"fr_FR","og_type":"article","og_title":"\u00c9nergie et services publics - Imagine 4D","og_description":"Lib\u00e9rez le potentiel des op\u00e9rations intelligentes de centrales \u00e9lectriques et de services publics avec nos technologies de jumeaux num\u00e9riques et nos solutions de visualisation immersive.","og_url":"https:\/\/imagine-4d.com\/fr\/industries\/energie-et-services-publics\/","og_site_name":"Imagine 4D","article_modified_time":"2025-10-20T19:35:03+00:00","og_image":[{"url":"https:\/\/imagine-4d.com\/wp-content\/uploads\/2025\/09\/DT-shutterstock_1821601766-copy-1-1.webp","type":"","width":"","height":""}],"twitter_card":"summary_large_image","twitter_misc":{"Dur\u00e9e de lecture estim\u00e9e":"3 minutes"},"schema":{"@context":"https:\/\/schema.org","@graph":[{"@type":"WebPage","@id":"https:\/\/imagine-4d.com\/fr\/industries\/energie-et-services-publics\/","url":"https:\/\/imagine-4d.com\/fr\/industries\/energie-et-services-publics\/","name":"\u00c9nergie et services publics - Imagine 4D","isPartOf":{"@id":"\/#website"},"primaryImageOfPage":{"@id":"https:\/\/imagine-4d.com\/fr\/industries\/energie-et-services-publics\/#primaryimage"},"image":{"@id":"https:\/\/imagine-4d.com\/fr\/industries\/energie-et-services-publics\/#primaryimage"},"thumbnailUrl":"https:\/\/imagine-4d.com\/wp-content\/uploads\/2025\/09\/DT-shutterstock_1821601766-copy-1-1.webp","datePublished":"2025-03-26T15:42:42+00:00","dateModified":"2025-10-20T19:35:03+00:00","description":"Lib\u00e9rez le potentiel des op\u00e9rations intelligentes de centrales \u00e9lectriques et de services publics avec nos technologies de jumeaux num\u00e9riques et nos solutions de visualisation immersive.","breadcrumb":{"@id":"https:\/\/imagine-4d.com\/fr\/industries\/energie-et-services-publics\/#breadcrumb"},"inLanguage":"fr-FR","potentialAction":[{"@type":"ReadAction","target":["https:\/\/imagine-4d.com\/fr\/industries\/energie-et-services-publics\/"]}]},{"@type":"ImageObject","inLanguage":"fr-FR","@id":"https:\/\/imagine-4d.com\/fr\/industries\/energie-et-services-publics\/#primaryimage","url":"https:\/\/imagine-4d.com\/wp-content\/uploads\/2025\/09\/DT-shutterstock_1821601766-copy-1-1.webp","contentUrl":"https:\/\/imagine-4d.com\/wp-content\/uploads\/2025\/09\/DT-shutterstock_1821601766-copy-1-1.webp"},{"@type":"BreadcrumbList","@id":"https:\/\/imagine-4d.com\/fr\/industries\/energie-et-services-publics\/#breadcrumb","itemListElement":[{"@type":"ListItem","position":1,"name":"Accueil","item":"https:\/\/imagine-4d.com\/fr\/"},{"@type":"ListItem","position":2,"name":"Industries","item":"https:\/\/imagine-4d.com\/fr\/industries\/"},{"@type":"ListItem","position":3,"name":"\u00c9nergie et services publics"}]},{"@type":"WebSite","@id":"\/#website","url":"\/","name":"Imagine 4D","description":"Visualisation 3D et technologie immersive","potentialAction":[{"@type":"SearchAction","target":{"@type":"EntryPoint","urlTemplate":"\/?s={search_term_string}"},"query-input":{"@type":"PropertyValueSpecification","valueRequired":true,"valueName":"search_term_string"}}],"inLanguage":"fr-FR"}]}},"_links":{"self":[{"href":"https:\/\/imagine-4d.com\/fr\/wp-json\/wp\/v2\/pages\/6112","targetHints":{"allow":["GET"]}}],"collection":[{"href":"https:\/\/imagine-4d.com\/fr\/wp-json\/wp\/v2\/pages"}],"about":[{"href":"https:\/\/imagine-4d.com\/fr\/wp-json\/wp\/v2\/types\/page"}],"author":[{"embeddable":true,"href":"https:\/\/imagine-4d.com\/fr\/wp-json\/wp\/v2\/users\/2"}],"replies":[{"embeddable":true,"href":"https:\/\/imagine-4d.com\/fr\/wp-json\/wp\/v2\/comments?post=6112"}],"version-history":[{"count":34,"href":"https:\/\/imagine-4d.com\/fr\/wp-json\/wp\/v2\/pages\/6112\/revisions"}],"predecessor-version":[{"id":6931,"href":"https:\/\/imagine-4d.com\/fr\/wp-json\/wp\/v2\/pages\/6112\/revisions\/6931"}],"up":[{"embeddable":true,"href":"https:\/\/imagine-4d.com\/fr\/wp-json\/wp\/v2\/pages\/6109"}],"wp:attachment":[{"href":"https:\/\/imagine-4d.com\/fr\/wp-json\/wp\/v2\/media?parent=6112"}],"curies":[{"name":"wp","href":"https:\/\/api.w.org\/{rel}","templated":true}]}}