{"id":6111,"date":"2025-03-26T15:42:57","date_gmt":"2025-03-26T15:42:57","guid":{"rendered":"https:\/\/imagine-4d.com\/industries\/infrastructure-digital-twin-solutions\/"},"modified":"2025-09-22T03:03:27","modified_gmt":"2025-09-22T03:03:27","slug":"infrastructures","status":"publish","type":"page","link":"https:\/\/imagine-4d.com\/fr\/industries\/infrastructures\/","title":{"rendered":"Infrastructures"},"content":{"rendered":"<!-- banner starts -->\r\n<div class=\"common-banner\">\r\n<div class=\"container\"><nav aria-label=\"breadcrumb\">\r\n<ol class=\"breadcrumb\">\r\n<li class=\"breadcrumb-item\"><a href=\"#\">Industries<\/a><\/li>\r\n<li class=\"breadcrumb-item active\" aria-current=\"page\">Infrastructures<\/li>\r\n<\/ol>\r\n<\/nav>\r\n<div class=\"row justify-content-center\">\r\n<div class=\"col-md-6\">\r\n<h3>Technologies de jumeau num\u00e9rique et d&rsquo;affichage immersif <span class=\"color-change\">pour des flux de travail intelligents visant \u00e0 concevoir, visualiser, exploiter et g\u00e9rer les actifs d&rsquo;infrastructures. <\/span><\/h3>\r\n<div class=\"banner-btn\"><a class=\"btn-secondary\" href=\"https:\/\/imagine-4d.com\/fr\/contact\/\">En apprendre davantage<\/a><\/div>\r\n<\/div>\r\n<div class=\"col-md-6\">\r\n<div class=\"common-banner-text\">\r\n<p>Les jumeaux num\u00e9riques sont des repr\u00e9sentations virtuelles d&rsquo;actifs ou de syst\u00e8mes physiques. Ils fournissent des informations pr\u00e9cieuses, am\u00e9liorant la prise de d\u00e9cision et optimisant la conception, la construction, l&rsquo;exploitation et la commercialisation des actifs immobiliers et des projets d&rsquo;infrastructures en g\u00e9n\u00e9ral. <\/p>\r\n<\/div>\r\n<\/div>\r\n<\/div>\r\n<\/div>\r\n<\/div>\r\n<!-- industry-img -->\r\n<p><img decoding=\"async\" class=\"img-fluid img-fluid\" style=\"width: 100%;\" src=\"https:\/\/imagine-4d.com\/wp-content\/themes\/imagine4d\/img\/industry-mini.webp\" alt=\"industries\"\/><\/p>\r\n<div class=\"industry-two-colum two-colum\">\r\n<div class=\"container\"><span style=\"color: #000; font-weight: 400;\"><span style=\"color: #000; font-weight: 400;\">\u00c9changeur Lorem ipsum dolor sitim. M\u00eame que la string en anglais<\/span><\/span>\r\n<div class=\"row\">\r\n<div class=\"col-md-6\">\r\n<div class=\"description\">\r\n<h2>Flux de conception<br\/>intelligent<\/h2>\r\n<\/div>\r\n<\/div>\r\n<div class=\"col-md-6\">\r\n<div class=\"industry-text\">\r\n<h4>Acc\u00e9dez \u00e0 des flux de travail de conception intelligente<\/h4>\r\n<p>pour une meilleure collaboration, une visualisation am\u00e9lior\u00e9e et une planification de sc\u00e9narios gr\u00e2ce \u00e0 nos logiciels de jumeau num\u00e9rique et nos solutions de visualisation immersive.<\/p>\r\n<\/div>\r\n<\/div>\r\n<\/div>\r\n<\/div>\r\n<\/div>\r\n<div class=\"industry-block bg-light\">\r\n<div class=\"container\">\r\n<div class=\"row justify-content-center align-items-center\">\r\n<div class=\"col-md-6\">\r\n<div class=\"description\">\r\n<h4>Encourager l&rsquo;autonomie<br\/>des \u00e9quipes<\/h4>\r\n<div class=\"block-industry\">\r\n<h6>Visualisation de conception avanc\u00e9e<\/h6>\r\n<p>Les ing\u00e9nieurs peuvent visualiser des syst\u00e8mes complexes en 3D et dans des environnements immersifs (Station IX\u2122) pour comprendre comment les diff\u00e9rentes composantes de la conception interagissent entre elle.<\/p>\r\n<\/div>\r\n<div class=\"block-industry\">\r\n<h6>Conception collaborative<\/h6>\r\n<p>Les jumeaux num\u00e9riques permettent une meilleure collaboration entre les diff\u00e9rentes parties prenantes (p. ex., architectes, ing\u00e9nieurs, entrepreneurs et clients) en fournissant un mod\u00e8le commun et interactif.<\/p>\r\n<\/div>\r\n<div class=\"block-industry\">\r\n<h6>\u00c9laboration de sc\u00e9narios<\/h6>\r\n<p>Avec les jumeaux num\u00e9riques, les \u00e9quipes peuvent cr\u00e9er diff\u00e9rents sc\u00e9narios de conception (p. ex., divers choix de mat\u00e9riaux, r\u00e9partition des charges) et \u00e9valuer les meilleures solutions en fonction de la performance, du co\u00fbt et des facteurs environnementaux.<\/p>\r\n<\/div>\r\n<div class=\"block-industry last-block\">D\u00e9couvrez comment un grand promoteur immobilier a optimis\u00e9 ses processus internes et la collaboration avec les intervenants.<\/div>\r\n<\/div>\r\n<\/div>\r\n<div class=\"col-md-6\">\r\n<div class=\"industry-img\"><img decoding=\"async\" class=\"img-fluid img-fluid\" src=\"https:\/\/imagine-4d.com\/wp-content\/themes\/imagine4d\/img\/empowerment.webp\" alt=\"empowerment immersive visualization digital twins Imagine-4D\"><\/div>\r\n<\/div>\r\n<\/div>\r\n<\/div>\r\n<\/div>\r\n<div class=\"industry-block bg-light top-minus\">\r\n<div class=\"container\">\r\n<div class=\"row flex-row-reverse\">\r\n<div class=\"col-md-6\">\r\n<div class=\"description\">\r\n<h4>Entretien et exploitation am\u00e9lior\u00e9s<\/h4>\r\n<p>Associez un mod\u00e8le virtuel 3D interactif de haute fid\u00e9lit\u00e9 \u00e0 des donn\u00e9es issues de capteurs et d&rsquo;autres sources comme les bases de donn\u00e9es et les applications d&rsquo;entreprise pour r\u00e9pliquer les performances et la condition des infrastructures physiques.<\/p>\r\n<h4>Perspectives pour de meilleures d\u00e9cisions<\/h4>\r\n<div class=\"block-industry\">\r\n<h6>Surveillance des conditions<\/h6>\r\n<p>Une fois l&rsquo;infrastructure construite, les jumeaux num\u00e9riques suivent en continu la performance et l&rsquo;\u00e9tat de l&rsquo;actif (p. ex., routes, ponts, tunnels et grands b\u00e2timents) gr\u00e2ce \u00e0 des capteurs, ce qui aide \u00e0 d\u00e9tecter les signes pr\u00e9coces de d\u00e9t\u00e9rioration ou de d\u00e9faillance.<\/p>\r\n<\/div>\r\n<div class=\"block-industry\">\r\n<h6>Entretien pr\u00e9ventif<\/h6>\r\n<p>Gr\u00e2ce \u00e0 la maintenance pr\u00e9dictive rendue possible par les jumeaux num\u00e9riques, les ing\u00e9nieurs peuvent planifier les r\u00e9parations ou les mises \u00e0 niveau avant que les probl\u00e8mes ne deviennent critiques, r\u00e9duisant ainsi les temps d&rsquo;arr\u00eat et prolongeant la dur\u00e9e de vie des infrastructures<\/p>\r\n<\/div>\r\n<\/div>\r\n<\/div>\r\n<div class=\"col-md-6\">\r\n<div class=\"industry-img left-reverse\"><img decoding=\"async\" class=\"img-fluid img-fluid\" src=\"https:\/\/imagine-4d.com\/wp-content\/themes\/imagine4d\/img\/operation.webp\" alt=\"operations immersive visualization digital twins Imagine-4D\"><\/div>\r\n<\/div>\r\n<\/div>\r\n<\/div>\r\n<\/div>\r\n<div class=\"industry-block bg-light last-block-project\">\r\n<div class=\"container\">\r\n<div class=\"row justify-content-center align-items-center\">\r\n<div class=\"col-md-6\">\r\n<div class=\"description\">\r\n<h4>T\u00e9l\u00e9portez-vous vers vos projets immobiliers et d&rsquo;infrastructures en 3D.<\/h4>\r\n<\/div>\r\n<\/div>\r\n<div class=\"col-md-6\">\r\n<p>Gr\u00e2ce aux jumeaux num\u00e9riques, il est possible d&rsquo;optimiser consid\u00e9rablement les d\u00e9monstrations immobili\u00e8res et d&rsquo;infrastructures, les strat\u00e9gies marketing, ainsi que les proc\u00e9dures d&rsquo;examen et d&rsquo;approbation en cr\u00e9ant des exp\u00e9riences interactives et immersives pour les prospects, locataires, investisseurs, \u00e9quipes municipales et diverses parties prenantes.<\/p>\r\n<\/div>\r\n<\/div>\r\n<img decoding=\"async\" class=\"img-fluid img-fluid\" src=\"https:\/\/imagine-4d.com\/wp-content\/themes\/imagine4d\/img\/video.webp\" alt=\"immersive visualization digital twins Imagine-4D\">\r\n<div class=\"row\">\r\n<div class=\"col-md-6\">\r\n<div class=\"block-industry\">\r\n<h6>Mod\u00e8les 3D interactifs<\/h6>\r\n<p>Les jumeaux num\u00e9riques cr\u00e9ent des repr\u00e9sentations virtuelles 3D tr\u00e8s pr\u00e9cises des propri\u00e9t\u00e9s, permettant aux acheteurs ou locataires potentiels d&rsquo;explorer les biens immobiliers \u00e0 distance. Ces mod\u00e8les reproduisent l&rsquo;espace physique (souvent avant la fin de la construction), incluant les plans d&rsquo;\u00e9tage, l&rsquo;agencement des pi\u00e8ces et les d\u00e9tails int\u00e9rieurs, offrant une exp\u00e9rience plus engageante et r\u00e9aliste par rapport aux photos ou vid\u00e9os traditionnelles. <\/p>\r\n<\/div>\r\n<div class=\"block-industry\">\r\n<h6>Interaction en temps r\u00e9el<\/h6>\r\n<p>Les utilisateurs ont la possibilit\u00e9 de naviguer \u00e0 travers le projet, agrandir les d\u00e9tails et m\u00eame passer d&rsquo;une vue \u00e0 l&rsquo;autre (ex. : plans d&rsquo;architecture, vues sph\u00e9riques \u00e0 360\u00b0). Cette approche interactive facilite la visualisation de l&rsquo;espace pour les prospects ou les op\u00e9rateurs. <\/p>\r\n<\/div>\r\n<div class=\"block-industry\">\r\n<h6>Fonctions personnalisables<\/h6>\r\n<p>Les acheteurs ou locataires potentiels peuvent modifier des \u00e9l\u00e9ments de la propri\u00e9t\u00e9, tels que les couleurs des pi\u00e8ces, les rev\u00eatements de sol, ou m\u00eame l&rsquo;am\u00e9nagement paysager. Cela les aide \u00e0 visualiser comment l&rsquo;espace pourrait appara\u00eetre avec leurs designs pr\u00e9f\u00e9r\u00e9s, renfor\u00e7ant ainsi leur lien \u00e9motionnel avec la propri\u00e9t\u00e9. <\/p>\r\n<\/div>\r\n<\/div>\r\n<div class=\"col-md-6\">\r\n<div class=\"block-industry\">\r\n<h6>Renseignements d\u00e9taill\u00e9s sur le bien immobilier<\/h6>\r\n<p>Les jumeaux num\u00e9riques peuvent int\u00e9grer diverses donn\u00e9es li\u00e9es \u00e0 la propri\u00e9t\u00e9, telles que l&rsquo;efficacit\u00e9 \u00e9nerg\u00e9tique, les d\u00e9tails structurels et les syst\u00e8mes de services publics. Cela fournit aux acheteurs ou locataires potentiels des informations pr\u00e9cieuses sur l&rsquo;efficacit\u00e9 op\u00e9rationnelle de la propri\u00e9t\u00e9 et son historique de maintenance. <\/p>\r\n<\/div>\r\n<div class=\"block-industry\">\r\n<h6>R\u00e9duction de la n\u00e9cessit\u00e9 de visites physiques<\/h6>\r\n<p>Les jumeaux num\u00e9riques peuvent int\u00e9grer diverses donn\u00e9es li\u00e9es \u00e0 la propri\u00e9t\u00e9, telles que l&rsquo;efficacit\u00e9 \u00e9nerg\u00e9tique, les d\u00e9tails structurels et les syst\u00e8mes de services publics. Cela fournit aux acheteurs ou locataires potentiels des informations pr\u00e9cieuses sur l&rsquo;efficacit\u00e9 op\u00e9rationnelle de la propri\u00e9t\u00e9 et son historique de maintenance. <\/p>\r\n<\/div>\r\n<h5>Imagine 4D a cr\u00e9\u00e9 le <a class=\"color-change\">Station IX<\/a>, une plateforme de visualisation offrant une immersion remarquable et une une perception contextuelle pour plusieurs participants sans avoir besoin de casques de r\u00e9alit\u00e9 virtuelle.<\/h5>\r\n<\/div>\r\n<\/div>\r\n<\/div>\r\n<\/div>\r\n<!-- industry block ends -->\r\n<div class=\"container\">\r\n<div class=\"leharris-maps\">\r\n<div class=\"row\">\r\n<div class=\"col-lg-5 col-md-6\">\r\n<div class=\"maps-description\">Histoires de r\u00e9ussite\r\n<h4>Montoni lorem <br\/>ipsum Delaurimier <br\/>Vermont<\/h4>\r\n<p>Gr\u00e2ce aux jumeaux num\u00e9riques, il est possible d&rsquo;optimiser consid\u00e9rablement les d\u00e9monstrations immobili\u00e8res et d&rsquo;infrastructures, les strat\u00e9gies marketing, ainsi que les proc\u00e9dures d&rsquo;examen et d&rsquo;approbation en cr\u00e9ant des exp\u00e9riences interactives et immersives pour les prospects, locataires, investisseurs, \u00e9quipes municipales et diverses parties prenantes.<\/p>\r\n<div class=\"banner-btn\"><a class=\"btn-secondary\" href=\"#\">Lire l&rsquo;\u00e9tude de cas<\/a><\/div>\r\n<\/div>\r\n<\/div>\r\n<div class=\"col-lg-7 col-md-6\"><img decoding=\"async\" class=\"img-fluid img-fluid\" src=\"https:\/\/imagine-4d.com\/wp-content\/themes\/imagine4d\/img\/montoni.png\" alt=\"img\"\/><\/div>\r\n<\/div>\r\n<\/div>\r\n<\/div>\r\n","protected":false},"excerpt":{"rendered":"<p>Industries Infrastructures Technologies de jumeau num\u00e9rique et d&rsquo;affichage immersif pour des flux de travail intelligents visant \u00e0 concevoir, visualiser, exploiter et g\u00e9rer les actifs d&rsquo;infrastructures. En apprendre davantage Les jumeaux num\u00e9riques sont des repr\u00e9sentations virtuelles d&rsquo;actifs ou de syst\u00e8mes physiques. Ils fournissent des informations pr\u00e9cieuses, am\u00e9liorant la prise de d\u00e9cision et optimisant la conception, la [&hellip;]<\/p>\n","protected":false},"author":2,"featured_media":0,"parent":6109,"menu_order":0,"comment_status":"closed","ping_status":"closed","template":"page-template\/page-industry-infrastructure.php","meta":{"_monsterinsights_skip_tracking":false,"_monsterinsights_sitenote_active":false,"_monsterinsights_sitenote_note":"","_monsterinsights_sitenote_category":0,"footnotes":""},"class_list":["post-6111","page","type-page","status-publish","hentry"],"acf":[],"yoast_head":"<!-- This site is optimized with the Yoast SEO plugin v27.3 - https:\/\/yoast.com\/product\/yoast-seo-wordpress\/ -->\n<title>Infrastructures - Imagine 4D<\/title>\n<meta name=\"description\" content=\"Lib\u00e9rez le potentiel de la conception, de l&#039;exploitation et de la gestion intelligente des flux de travail d&#039;infrastructures avec nos technologies de jumeaux num\u00e9riques et nos solutions de visualisation immersive.\" \/>\n<meta name=\"robots\" content=\"index, follow, max-snippet:-1, max-image-preview:large, max-video-preview:-1\" \/>\n<link rel=\"canonical\" href=\"https:\/\/imagine-4d.com\/fr\/industries\/infrastructures\/\" \/>\n<meta property=\"og:locale\" content=\"fr_FR\" \/>\n<meta property=\"og:type\" content=\"article\" \/>\n<meta property=\"og:title\" content=\"Infrastructures - Imagine 4D\" \/>\n<meta property=\"og:description\" content=\"Lib\u00e9rez le potentiel de la conception, de l&#039;exploitation et de la gestion intelligente des flux de travail d&#039;infrastructures avec nos technologies de jumeaux num\u00e9riques et nos solutions de visualisation immersive.\" \/>\n<meta property=\"og:url\" content=\"https:\/\/imagine-4d.com\/fr\/industries\/infrastructures\/\" \/>\n<meta property=\"og:site_name\" content=\"Imagine 4D\" \/>\n<meta property=\"article:modified_time\" content=\"2025-09-22T03:03:27+00:00\" \/>\n<meta property=\"og:image\" content=\"https:\/\/imagine-4d.com\/wp-content\/themes\/imagine4d\/img\/industry-mini.webp\" \/>\n<meta name=\"twitter:card\" content=\"summary_large_image\" \/>\n<meta name=\"twitter:label1\" content=\"Dur\u00e9e de lecture estim\u00e9e\" \/>\n\t<meta name=\"twitter:data1\" content=\"5 minutes\" \/>\n<script type=\"application\/ld+json\" class=\"yoast-schema-graph\">{\"@context\":\"https:\\\/\\\/schema.org\",\"@graph\":[{\"@type\":\"WebPage\",\"@id\":\"https:\\\/\\\/imagine-4d.com\\\/fr\\\/industries\\\/infrastructures\\\/\",\"url\":\"https:\\\/\\\/imagine-4d.com\\\/fr\\\/industries\\\/infrastructures\\\/\",\"name\":\"Infrastructures - Imagine 4D\",\"isPartOf\":{\"@id\":\"\\\/#website\"},\"primaryImageOfPage\":{\"@id\":\"https:\\\/\\\/imagine-4d.com\\\/fr\\\/industries\\\/infrastructures\\\/#primaryimage\"},\"image\":{\"@id\":\"https:\\\/\\\/imagine-4d.com\\\/fr\\\/industries\\\/infrastructures\\\/#primaryimage\"},\"thumbnailUrl\":\"https:\\\/\\\/imagine-4d.com\\\/wp-content\\\/themes\\\/imagine4d\\\/img\\\/industry-mini.webp\",\"datePublished\":\"2025-03-26T15:42:57+00:00\",\"dateModified\":\"2025-09-22T03:03:27+00:00\",\"description\":\"Lib\u00e9rez le potentiel de la conception, de l'exploitation et de la gestion intelligente des flux de travail d'infrastructures avec nos technologies de jumeaux num\u00e9riques et nos solutions de visualisation immersive.\",\"breadcrumb\":{\"@id\":\"https:\\\/\\\/imagine-4d.com\\\/fr\\\/industries\\\/infrastructures\\\/#breadcrumb\"},\"inLanguage\":\"fr-FR\",\"potentialAction\":[{\"@type\":\"ReadAction\",\"target\":[\"https:\\\/\\\/imagine-4d.com\\\/fr\\\/industries\\\/infrastructures\\\/\"]}]},{\"@type\":\"ImageObject\",\"inLanguage\":\"fr-FR\",\"@id\":\"https:\\\/\\\/imagine-4d.com\\\/fr\\\/industries\\\/infrastructures\\\/#primaryimage\",\"url\":\"https:\\\/\\\/imagine-4d.com\\\/wp-content\\\/themes\\\/imagine4d\\\/img\\\/industry-mini.webp\",\"contentUrl\":\"https:\\\/\\\/imagine-4d.com\\\/wp-content\\\/themes\\\/imagine4d\\\/img\\\/industry-mini.webp\"},{\"@type\":\"BreadcrumbList\",\"@id\":\"https:\\\/\\\/imagine-4d.com\\\/fr\\\/industries\\\/infrastructures\\\/#breadcrumb\",\"itemListElement\":[{\"@type\":\"ListItem\",\"position\":1,\"name\":\"Accueil\",\"item\":\"https:\\\/\\\/imagine-4d.com\\\/fr\\\/\"},{\"@type\":\"ListItem\",\"position\":2,\"name\":\"Industries\",\"item\":\"https:\\\/\\\/imagine-4d.com\\\/fr\\\/industries\\\/\"},{\"@type\":\"ListItem\",\"position\":3,\"name\":\"Infrastructures\"}]},{\"@type\":\"WebSite\",\"@id\":\"\\\/#website\",\"url\":\"\\\/\",\"name\":\"Imagine 4D\",\"description\":\"Visualisation 3D et technologie immersive\",\"potentialAction\":[{\"@type\":\"SearchAction\",\"target\":{\"@type\":\"EntryPoint\",\"urlTemplate\":\"\\\/?s={search_term_string}\"},\"query-input\":{\"@type\":\"PropertyValueSpecification\",\"valueRequired\":true,\"valueName\":\"search_term_string\"}}],\"inLanguage\":\"fr-FR\"}]}<\/script>\n<!-- \/ Yoast SEO plugin. -->","yoast_head_json":{"title":"Infrastructures - Imagine 4D","description":"Lib\u00e9rez le potentiel de la conception, de l'exploitation et de la gestion intelligente des flux de travail d'infrastructures avec nos technologies de jumeaux num\u00e9riques et nos solutions de visualisation immersive.","robots":{"index":"index","follow":"follow","max-snippet":"max-snippet:-1","max-image-preview":"max-image-preview:large","max-video-preview":"max-video-preview:-1"},"canonical":"https:\/\/imagine-4d.com\/fr\/industries\/infrastructures\/","og_locale":"fr_FR","og_type":"article","og_title":"Infrastructures - Imagine 4D","og_description":"Lib\u00e9rez le potentiel de la conception, de l'exploitation et de la gestion intelligente des flux de travail d'infrastructures avec nos technologies de jumeaux num\u00e9riques et nos solutions de visualisation immersive.","og_url":"https:\/\/imagine-4d.com\/fr\/industries\/infrastructures\/","og_site_name":"Imagine 4D","article_modified_time":"2025-09-22T03:03:27+00:00","og_image":[{"url":"https:\/\/imagine-4d.com\/wp-content\/themes\/imagine4d\/img\/industry-mini.webp","type":"","width":"","height":""}],"twitter_card":"summary_large_image","twitter_misc":{"Dur\u00e9e de lecture estim\u00e9e":"5 minutes"},"schema":{"@context":"https:\/\/schema.org","@graph":[{"@type":"WebPage","@id":"https:\/\/imagine-4d.com\/fr\/industries\/infrastructures\/","url":"https:\/\/imagine-4d.com\/fr\/industries\/infrastructures\/","name":"Infrastructures - Imagine 4D","isPartOf":{"@id":"\/#website"},"primaryImageOfPage":{"@id":"https:\/\/imagine-4d.com\/fr\/industries\/infrastructures\/#primaryimage"},"image":{"@id":"https:\/\/imagine-4d.com\/fr\/industries\/infrastructures\/#primaryimage"},"thumbnailUrl":"https:\/\/imagine-4d.com\/wp-content\/themes\/imagine4d\/img\/industry-mini.webp","datePublished":"2025-03-26T15:42:57+00:00","dateModified":"2025-09-22T03:03:27+00:00","description":"Lib\u00e9rez le potentiel de la conception, de l'exploitation et de la gestion intelligente des flux de travail d'infrastructures avec nos technologies de jumeaux num\u00e9riques et nos solutions de visualisation immersive.","breadcrumb":{"@id":"https:\/\/imagine-4d.com\/fr\/industries\/infrastructures\/#breadcrumb"},"inLanguage":"fr-FR","potentialAction":[{"@type":"ReadAction","target":["https:\/\/imagine-4d.com\/fr\/industries\/infrastructures\/"]}]},{"@type":"ImageObject","inLanguage":"fr-FR","@id":"https:\/\/imagine-4d.com\/fr\/industries\/infrastructures\/#primaryimage","url":"https:\/\/imagine-4d.com\/wp-content\/themes\/imagine4d\/img\/industry-mini.webp","contentUrl":"https:\/\/imagine-4d.com\/wp-content\/themes\/imagine4d\/img\/industry-mini.webp"},{"@type":"BreadcrumbList","@id":"https:\/\/imagine-4d.com\/fr\/industries\/infrastructures\/#breadcrumb","itemListElement":[{"@type":"ListItem","position":1,"name":"Accueil","item":"https:\/\/imagine-4d.com\/fr\/"},{"@type":"ListItem","position":2,"name":"Industries","item":"https:\/\/imagine-4d.com\/fr\/industries\/"},{"@type":"ListItem","position":3,"name":"Infrastructures"}]},{"@type":"WebSite","@id":"\/#website","url":"\/","name":"Imagine 4D","description":"Visualisation 3D et technologie immersive","potentialAction":[{"@type":"SearchAction","target":{"@type":"EntryPoint","urlTemplate":"\/?s={search_term_string}"},"query-input":{"@type":"PropertyValueSpecification","valueRequired":true,"valueName":"search_term_string"}}],"inLanguage":"fr-FR"}]}},"_links":{"self":[{"href":"https:\/\/imagine-4d.com\/fr\/wp-json\/wp\/v2\/pages\/6111","targetHints":{"allow":["GET"]}}],"collection":[{"href":"https:\/\/imagine-4d.com\/fr\/wp-json\/wp\/v2\/pages"}],"about":[{"href":"https:\/\/imagine-4d.com\/fr\/wp-json\/wp\/v2\/types\/page"}],"author":[{"embeddable":true,"href":"https:\/\/imagine-4d.com\/fr\/wp-json\/wp\/v2\/users\/2"}],"replies":[{"embeddable":true,"href":"https:\/\/imagine-4d.com\/fr\/wp-json\/wp\/v2\/comments?post=6111"}],"version-history":[{"count":46,"href":"https:\/\/imagine-4d.com\/fr\/wp-json\/wp\/v2\/pages\/6111\/revisions"}],"predecessor-version":[{"id":6894,"href":"https:\/\/imagine-4d.com\/fr\/wp-json\/wp\/v2\/pages\/6111\/revisions\/6894"}],"up":[{"embeddable":true,"href":"https:\/\/imagine-4d.com\/fr\/wp-json\/wp\/v2\/pages\/6109"}],"wp:attachment":[{"href":"https:\/\/imagine-4d.com\/fr\/wp-json\/wp\/v2\/media?parent=6111"}],"curies":[{"name":"wp","href":"https:\/\/api.w.org\/{rel}","templated":true}]}}