{"id":6110,"date":"2025-03-26T15:42:26","date_gmt":"2025-03-26T15:42:26","guid":{"rendered":"https:\/\/imagine-4d.com\/industries\/defence-digital-twin-solutions\/"},"modified":"2025-09-22T03:04:17","modified_gmt":"2025-09-22T03:04:17","slug":"defense","status":"publish","type":"page","link":"https:\/\/imagine-4d.com\/fr\/industries\/defense\/","title":{"rendered":"D\u00e9fense"},"content":{"rendered":"<!-- banner starts -->\r\n<div class=\"common-banner\">\r\n<div class=\"container\"><nav aria-label=\"breadcrumb\">\r\n<ol class=\"breadcrumb\">\r\n<li class=\"breadcrumb-item\"><a href=\"#\">Industries<\/a><\/li>\r\n<li class=\"breadcrumb-item active\" aria-current=\"page\">D\u00e9fense<\/li>\r\n<\/ol>\r\n<\/nav>\r\n<div class=\"row justify-content-center align-items-center\">\r\n<div class=\"col-md-6\">\r\n<h3>Transformation num\u00e9rique pour une industrie de d\u00e9fense <span class=\"color-change\">plus efficace, efficiente et agile<\/span>.<\/h3>\r\n<div class=\"banner-btn\"><a class=\"btn-secondary\" href=\"https:\/\/imagine-4d.com\/fr\/etudes-de-cas\/\">Cas d&rsquo;usage<\/a><\/div>\r\n<\/div>\r\n<div class=\"col-md-6\">\r\n<div class=\"common-banner-text\">\r\n<p>Renforcez vos op\u00e9rations avec des informations exploitables et une meilleure prise de d\u00e9cision en tirant parti des donn\u00e9es CAD d&rsquo;ing\u00e9nierie, des capacit\u00e9s de visualisation 3D et des analyses int\u00e9gr\u00e9es.<\/p>\r\n<\/div>\r\n<\/div>\r\n<\/div>\r\n<\/div>\r\n<\/div>\r\n<!-- industry-img -->\r\n<p><img decoding=\"async\" class=\"img-fluid img-fluid\" style=\"width: 100%;\" src=\"https:\/\/imagine-4d.com\/wp-content\/themes\/imagine4d\/img\/industry-aero.webp\" alt=\"industries\"\/><\/p>\r\n<div class=\"industry-two-colum two-colum\">\r\n<div class=\"container\"><span style=\"color: #000; font-weight: 400;\"><span style=\"color: #000; font-weight: 400;\">Caption here Client name for example<\/span><\/span>\r\n<div class=\"row\">\r\n<div class=\"col-md-6\">\r\n<div class=\"description\">\r\n<h2>Plus de 30 ans<br\/>d&rsquo;exp\u00e9rience<\/h2>\r\n<\/div>\r\n<\/div>\r\n<div class=\"col-md-6\">\r\n<div class=\"industry-text\">\r\n<h4>Soutien aux op\u00e9rations, \u00e0 l&rsquo;ing\u00e9nierie, \u00e0 la simulation et \u00e0 la formation<\/h4>\r\n<p>L&rsquo;expertise approfondie de notre \u00e9quipe dans le domaine de la d\u00e9fense assure une compr\u00e9hension sans \u00e9gale et une pr\u00e9cision dans la fourniture de solutions essentielles aux missions.<\/p>\r\n<\/div>\r\n<\/div>\r\n<\/div>\r\n<\/div>\r\n<\/div>\r\n<div class=\"industry-block bg-light\">\r\n<div class=\"container\">\r\n<div class=\"row justify-content-center align-items-center\">\r\n<div class=\"col-md-6\">\r\n<div class=\"description\">\r\n<h4>Jumeaux num\u00e9riques pour la d\u00e9fense : La pr\u00e9cision l\u00e0 o\u00f9 elle compte le plus<\/h4>\r\n<p>Augmentez les t\u00e2ches d&rsquo;ing\u00e9nierie, d&rsquo;op\u00e9rations et de formation en utilisant des jumeaux num\u00e9riques g\u00e9n\u00e9r\u00e9s par CAO d&rsquo;ing\u00e9nierie &#8211; la pr\u00e9cision l\u00e0 o\u00f9 elle compte le plus &#8211; avec des fonctionnalit\u00e9s sur mesure et des tableaux de bord pour une prise de d\u00e9cision mieux \u00e9clair\u00e9e.<\/p>\r\n<a class=\"btn-line\" href=\"https:\/\/imagine-4d.com\/fr\/produits-services\/jumeaux-numeriques\/\">En apprendre davantage<\/a><\/div>\r\n<\/div>\r\n<div class=\"col-md-6\">\r\n<div class=\"industry-img\"><img decoding=\"async\" class=\"img-fluid img-fluid\" src=\"https:\/\/imagine-4d.com\/wp-content\/themes\/imagine4d\/img\/industry-block-i.png\" alt=\"Defense immersive visualization\"><\/div>\r\n<\/div>\r\n<\/div>\r\n<\/div>\r\n<\/div>\r\n<div class=\"industry-block bg-light\">\r\n<div class=\"container\">\r\n<div class=\"row flex-row-reverse justify-content-center align-items-center\">\r\n<div class=\"col-md-6\">\r\n<div class=\"description\">\r\n<h4>Visualisation immersive<\/h4>\r\n<h5>L&rsquo;environnement collaboratif ultime<\/h5>\r\n<p>Nos plateformes de visualisation immersive offrent un environnement unique permettant \u00e0 un groupe d&rsquo;utilisateurs de visualiser et d&rsquo;interagir avec les applications de jumeau num\u00e9rique.<\/p>\r\n<a class=\"btn-line\" href=\"https:\/\/imagine-4d.com\/fr\/produits-services\/visualisation-immersive\/\">En apprendre davantage<\/a><\/div>\r\n<\/div>\r\n<div class=\"col-md-6\">\r\n<div class=\"industry-img left-reverse\"><img decoding=\"async\" class=\"img-fluid img-fluid\" src=\"https:\/\/imagine-4d.com\/wp-content\/themes\/imagine4d\/img\/visualization-industry.png\" alt=\"immersive visualization\"><\/div>\r\n<\/div>\r\n<\/div>\r\n<\/div>\r\n<\/div>\r\n<div class=\"industry-block bg-light last-block-img\">\r\n<div class=\"container\">\r\n<div class=\"row justify-content-center align-items-center\">\r\n<div class=\"col-md-6\">\r\n<div class=\"description\">\r\n<h4>Applications mat\u00e9rielles<\/h4>\r\n<p>Mis \u00e0 l&rsquo;\u00e9preuve par nos clients dans des applications de formation et op\u00e9rationnelles critiques pour la s\u00e9curit\u00e9 &#8211; nos services de fabrication fournissent des solutions mat\u00e9rielles personnalis\u00e9es, durables et de haute qualit\u00e9 parfaitement adapt\u00e9es \u00e0 l&rsquo;industrie de la d\u00e9fense.<\/p>\r\n<a class=\"btn-line\" href=\"https:\/\/imagine-4d.com\/fr\/produits-services\/fabrication-cle-en-main\/\">En apprendre davantage<\/a><\/div>\r\n<\/div>\r\n<div class=\"col-md-6\">\r\n<div class=\"industry-img\"><img decoding=\"async\" class=\"img-fluid img-fluid\" src=\"https:\/\/imagine-4d.com\/wp-content\/themes\/imagine4d\/img\/industry-hardware.png\" alt=\"industry hardware\"><\/div>\r\n<\/div>\r\n<\/div>\r\n<h5>D\u00e9couvrez comment nos produits et services sont adapt\u00e9s pour r\u00e9pondre aux besoins des op\u00e9rations critiques en mati\u00e8re de s\u00e9curit\u00e9 et de mission pour nos partenaires de la D\u00e9fense.<\/h5>\r\n<\/div>\r\n<\/div>\r\n<!-- industry block ends -->\r\n<div class=\"container\">\r\n<div class=\"leharris-maps\">\r\n<div class=\"row\">\r\n<div class=\"col-md-5\">\r\n<div class=\"maps-description\">\u00c9tude de cas\r\n<h4>L3HARRIS MAPS<\/h4>\r\n<p>D\u00e9couvrez comment le jumeau num\u00e9rique d&rsquo;Imagine 4D amorce la transformation num\u00e9rique de ce client, dans les domaines de la formation et des op\u00e9rations, avec une application de jumeau num\u00e9rique riche accessible \u00e0 un grand nombre de ses employ\u00e9s.<\/p>\r\n<div class=\"banner-btn\"><a class=\"btn-secondary\" href=\"#\">Lire l&rsquo;\u00e9tude de cas<\/a><\/div>\r\n<\/div>\r\n<\/div>\r\n<div class=\"col-md-7\"><img decoding=\"async\" class=\"img-fluid img-fluid\" src=\"https:\/\/imagine-4d.com\/wp-content\/themes\/imagine4d\/img\/leharrs.png\" alt=\"img\"\/><\/div>\r\n<\/div>\r\n<\/div>\r\n<\/div>\r\n","protected":false},"excerpt":{"rendered":"<p>Industries D\u00e9fense Transformation num\u00e9rique pour une industrie de d\u00e9fense plus efficace, efficiente et agile. Cas d&rsquo;usage Renforcez vos op\u00e9rations avec des informations exploitables et une meilleure prise de d\u00e9cision en tirant parti des donn\u00e9es CAD d&rsquo;ing\u00e9nierie, des capacit\u00e9s de visualisation 3D et des analyses int\u00e9gr\u00e9es. Caption here Client name for example Plus de 30 ansd&rsquo;exp\u00e9rience [&hellip;]<\/p>\n","protected":false},"author":2,"featured_media":0,"parent":6109,"menu_order":0,"comment_status":"closed","ping_status":"closed","template":"page-template\/page-industry-defense.php","meta":{"_monsterinsights_skip_tracking":false,"_monsterinsights_sitenote_active":false,"_monsterinsights_sitenote_note":"","_monsterinsights_sitenote_category":0,"footnotes":""},"class_list":["post-6110","page","type-page","status-publish","hentry"],"acf":[],"yoast_head":"<!-- This site is optimized with the Yoast SEO plugin v27.3 - https:\/\/yoast.com\/product\/yoast-seo-wordpress\/ -->\n<title>D\u00e9fense - Imagine 4D<\/title>\n<meta name=\"description\" content=\"Am\u00e9liorez les op\u00e9rations, l&#039;ing\u00e9nierie et la formation gr\u00e2ce aux technologies de jumeau num\u00e9rique et aux solutions de visualisation immersive con\u00e7ues pour l&#039;industrie de la d\u00e9fense.\" \/>\n<meta name=\"robots\" content=\"index, follow, max-snippet:-1, max-image-preview:large, max-video-preview:-1\" \/>\n<link rel=\"canonical\" href=\"https:\/\/imagine-4d.com\/fr\/industries\/defense\/\" \/>\n<meta property=\"og:locale\" content=\"fr_FR\" \/>\n<meta property=\"og:type\" content=\"article\" \/>\n<meta property=\"og:title\" content=\"D\u00e9fense - Imagine 4D\" \/>\n<meta property=\"og:description\" content=\"Am\u00e9liorez les op\u00e9rations, l&#039;ing\u00e9nierie et la formation gr\u00e2ce aux technologies de jumeau num\u00e9rique et aux solutions de visualisation immersive con\u00e7ues pour l&#039;industrie de la d\u00e9fense.\" \/>\n<meta property=\"og:url\" content=\"https:\/\/imagine-4d.com\/fr\/industries\/defense\/\" \/>\n<meta property=\"og:site_name\" content=\"Imagine 4D\" \/>\n<meta property=\"article:modified_time\" content=\"2025-09-22T03:04:17+00:00\" \/>\n<meta property=\"og:image\" content=\"https:\/\/imagine-4d.com\/wp-content\/themes\/imagine4d\/img\/industry-aero.webp\" \/>\n<meta name=\"twitter:card\" content=\"summary_large_image\" \/>\n<meta name=\"twitter:label1\" content=\"Dur\u00e9e de lecture estim\u00e9e\" \/>\n\t<meta name=\"twitter:data1\" content=\"3 minutes\" \/>\n<script type=\"application\/ld+json\" class=\"yoast-schema-graph\">{\"@context\":\"https:\\\/\\\/schema.org\",\"@graph\":[{\"@type\":\"WebPage\",\"@id\":\"https:\\\/\\\/imagine-4d.com\\\/fr\\\/industries\\\/defense\\\/\",\"url\":\"https:\\\/\\\/imagine-4d.com\\\/fr\\\/industries\\\/defense\\\/\",\"name\":\"D\u00e9fense - Imagine 4D\",\"isPartOf\":{\"@id\":\"\\\/#website\"},\"primaryImageOfPage\":{\"@id\":\"https:\\\/\\\/imagine-4d.com\\\/fr\\\/industries\\\/defense\\\/#primaryimage\"},\"image\":{\"@id\":\"https:\\\/\\\/imagine-4d.com\\\/fr\\\/industries\\\/defense\\\/#primaryimage\"},\"thumbnailUrl\":\"https:\\\/\\\/imagine-4d.com\\\/wp-content\\\/themes\\\/imagine4d\\\/img\\\/industry-aero.webp\",\"datePublished\":\"2025-03-26T15:42:26+00:00\",\"dateModified\":\"2025-09-22T03:04:17+00:00\",\"description\":\"Am\u00e9liorez les op\u00e9rations, l'ing\u00e9nierie et la formation gr\u00e2ce aux technologies de jumeau num\u00e9rique et aux solutions de visualisation immersive con\u00e7ues pour l'industrie de la d\u00e9fense.\",\"breadcrumb\":{\"@id\":\"https:\\\/\\\/imagine-4d.com\\\/fr\\\/industries\\\/defense\\\/#breadcrumb\"},\"inLanguage\":\"fr-FR\",\"potentialAction\":[{\"@type\":\"ReadAction\",\"target\":[\"https:\\\/\\\/imagine-4d.com\\\/fr\\\/industries\\\/defense\\\/\"]}]},{\"@type\":\"ImageObject\",\"inLanguage\":\"fr-FR\",\"@id\":\"https:\\\/\\\/imagine-4d.com\\\/fr\\\/industries\\\/defense\\\/#primaryimage\",\"url\":\"https:\\\/\\\/imagine-4d.com\\\/wp-content\\\/themes\\\/imagine4d\\\/img\\\/industry-aero.webp\",\"contentUrl\":\"https:\\\/\\\/imagine-4d.com\\\/wp-content\\\/themes\\\/imagine4d\\\/img\\\/industry-aero.webp\"},{\"@type\":\"BreadcrumbList\",\"@id\":\"https:\\\/\\\/imagine-4d.com\\\/fr\\\/industries\\\/defense\\\/#breadcrumb\",\"itemListElement\":[{\"@type\":\"ListItem\",\"position\":1,\"name\":\"Accueil\",\"item\":\"https:\\\/\\\/imagine-4d.com\\\/fr\\\/\"},{\"@type\":\"ListItem\",\"position\":2,\"name\":\"Industries\",\"item\":\"https:\\\/\\\/imagine-4d.com\\\/fr\\\/industries\\\/\"},{\"@type\":\"ListItem\",\"position\":3,\"name\":\"D\u00e9fense\"}]},{\"@type\":\"WebSite\",\"@id\":\"\\\/#website\",\"url\":\"\\\/\",\"name\":\"Imagine 4D\",\"description\":\"Visualisation 3D et technologie immersive\",\"potentialAction\":[{\"@type\":\"SearchAction\",\"target\":{\"@type\":\"EntryPoint\",\"urlTemplate\":\"\\\/?s={search_term_string}\"},\"query-input\":{\"@type\":\"PropertyValueSpecification\",\"valueRequired\":true,\"valueName\":\"search_term_string\"}}],\"inLanguage\":\"fr-FR\"}]}<\/script>\n<!-- \/ Yoast SEO plugin. -->","yoast_head_json":{"title":"D\u00e9fense - Imagine 4D","description":"Am\u00e9liorez les op\u00e9rations, l'ing\u00e9nierie et la formation gr\u00e2ce aux technologies de jumeau num\u00e9rique et aux solutions de visualisation immersive con\u00e7ues pour l'industrie de la d\u00e9fense.","robots":{"index":"index","follow":"follow","max-snippet":"max-snippet:-1","max-image-preview":"max-image-preview:large","max-video-preview":"max-video-preview:-1"},"canonical":"https:\/\/imagine-4d.com\/fr\/industries\/defense\/","og_locale":"fr_FR","og_type":"article","og_title":"D\u00e9fense - Imagine 4D","og_description":"Am\u00e9liorez les op\u00e9rations, l'ing\u00e9nierie et la formation gr\u00e2ce aux technologies de jumeau num\u00e9rique et aux solutions de visualisation immersive con\u00e7ues pour l'industrie de la d\u00e9fense.","og_url":"https:\/\/imagine-4d.com\/fr\/industries\/defense\/","og_site_name":"Imagine 4D","article_modified_time":"2025-09-22T03:04:17+00:00","og_image":[{"url":"https:\/\/imagine-4d.com\/wp-content\/themes\/imagine4d\/img\/industry-aero.webp","type":"","width":"","height":""}],"twitter_card":"summary_large_image","twitter_misc":{"Dur\u00e9e de lecture estim\u00e9e":"3 minutes"},"schema":{"@context":"https:\/\/schema.org","@graph":[{"@type":"WebPage","@id":"https:\/\/imagine-4d.com\/fr\/industries\/defense\/","url":"https:\/\/imagine-4d.com\/fr\/industries\/defense\/","name":"D\u00e9fense - Imagine 4D","isPartOf":{"@id":"\/#website"},"primaryImageOfPage":{"@id":"https:\/\/imagine-4d.com\/fr\/industries\/defense\/#primaryimage"},"image":{"@id":"https:\/\/imagine-4d.com\/fr\/industries\/defense\/#primaryimage"},"thumbnailUrl":"https:\/\/imagine-4d.com\/wp-content\/themes\/imagine4d\/img\/industry-aero.webp","datePublished":"2025-03-26T15:42:26+00:00","dateModified":"2025-09-22T03:04:17+00:00","description":"Am\u00e9liorez les op\u00e9rations, l'ing\u00e9nierie et la formation gr\u00e2ce aux technologies de jumeau num\u00e9rique et aux solutions de visualisation immersive con\u00e7ues pour l'industrie de la d\u00e9fense.","breadcrumb":{"@id":"https:\/\/imagine-4d.com\/fr\/industries\/defense\/#breadcrumb"},"inLanguage":"fr-FR","potentialAction":[{"@type":"ReadAction","target":["https:\/\/imagine-4d.com\/fr\/industries\/defense\/"]}]},{"@type":"ImageObject","inLanguage":"fr-FR","@id":"https:\/\/imagine-4d.com\/fr\/industries\/defense\/#primaryimage","url":"https:\/\/imagine-4d.com\/wp-content\/themes\/imagine4d\/img\/industry-aero.webp","contentUrl":"https:\/\/imagine-4d.com\/wp-content\/themes\/imagine4d\/img\/industry-aero.webp"},{"@type":"BreadcrumbList","@id":"https:\/\/imagine-4d.com\/fr\/industries\/defense\/#breadcrumb","itemListElement":[{"@type":"ListItem","position":1,"name":"Accueil","item":"https:\/\/imagine-4d.com\/fr\/"},{"@type":"ListItem","position":2,"name":"Industries","item":"https:\/\/imagine-4d.com\/fr\/industries\/"},{"@type":"ListItem","position":3,"name":"D\u00e9fense"}]},{"@type":"WebSite","@id":"\/#website","url":"\/","name":"Imagine 4D","description":"Visualisation 3D et technologie immersive","potentialAction":[{"@type":"SearchAction","target":{"@type":"EntryPoint","urlTemplate":"\/?s={search_term_string}"},"query-input":{"@type":"PropertyValueSpecification","valueRequired":true,"valueName":"search_term_string"}}],"inLanguage":"fr-FR"}]}},"_links":{"self":[{"href":"https:\/\/imagine-4d.com\/fr\/wp-json\/wp\/v2\/pages\/6110","targetHints":{"allow":["GET"]}}],"collection":[{"href":"https:\/\/imagine-4d.com\/fr\/wp-json\/wp\/v2\/pages"}],"about":[{"href":"https:\/\/imagine-4d.com\/fr\/wp-json\/wp\/v2\/types\/page"}],"author":[{"embeddable":true,"href":"https:\/\/imagine-4d.com\/fr\/wp-json\/wp\/v2\/users\/2"}],"replies":[{"embeddable":true,"href":"https:\/\/imagine-4d.com\/fr\/wp-json\/wp\/v2\/comments?post=6110"}],"version-history":[{"count":36,"href":"https:\/\/imagine-4d.com\/fr\/wp-json\/wp\/v2\/pages\/6110\/revisions"}],"predecessor-version":[{"id":6898,"href":"https:\/\/imagine-4d.com\/fr\/wp-json\/wp\/v2\/pages\/6110\/revisions\/6898"}],"up":[{"embeddable":true,"href":"https:\/\/imagine-4d.com\/fr\/wp-json\/wp\/v2\/pages\/6109"}],"wp:attachment":[{"href":"https:\/\/imagine-4d.com\/fr\/wp-json\/wp\/v2\/media?parent=6110"}],"curies":[{"name":"wp","href":"https:\/\/api.w.org\/{rel}","templated":true}]}}