{"id":6108,"date":"2025-03-26T15:48:44","date_gmt":"2025-03-26T15:48:44","guid":{"rendered":"https:\/\/imagine-4d.com\/entreprise\/technology-partners\/"},"modified":"2025-09-22T03:10:48","modified_gmt":"2025-09-22T03:10:48","slug":"filiales","status":"publish","type":"page","link":"https:\/\/imagine-4d.com\/fr\/entreprise\/filiales\/","title":{"rendered":"Filiales"},"content":{"rendered":"<div class=\"common-banner leader-banner\" style=\"background: url('\/img\/partner.webp') center center no-repeat;\">\r\n<div class=\"container\"><nav aria-label=\"breadcrumb\">\r\n<ol class=\"breadcrumb\">\r\n<li class=\"breadcrumb-item\"><a href=\"#\">Entreprise<\/a><\/li>\r\n<li class=\"breadcrumb-item active\" aria-current=\"page\">Partenaires technologiques<\/li>\r\n<\/ol>\r\n<\/nav>\r\n<h3 style=\"color: #7aa5ba;\">Collaborer pour <span class=\"color-change\">r\u00e9ussir<\/span><\/h3>\r\n<p>Imagine 4D collabore avec des entreprises innovantes pour d\u00e9ployer des solutions qui optimisent la performance d&rsquo;entreprise et minimisent les risques. Nos affili\u00e9s comprennent des partenaires sp\u00e9cialis\u00e9s en contenu 3D et des distributeurs des produits innovants d&rsquo;Imagine 4D. <\/p>\r\n<div class=\"banner-btn\"><a class=\"btn-secondary\" href=\"#\">Contactez-nous<\/a><\/div>\r\n<\/div>\r\n<\/div>\r\n<!-- banner ends --><!-- leader-text starts -->\r\n<div class=\"partner-logo general-padding\">\r\n<div class=\"container\">\r\n<div class=\"row\">\r\n<div class=\"col-md-6\">\r\n<div class=\"partner-img\"><img decoding=\"async\" src=\"https:\/\/imagine-4d.com\/wp-content\/themes\/imagine4d\/img\/simthetiq.svg\" alt=\"simthetiq\">\r\n<p>Experts dans la livraison de solutions visuelles immersives pour la simulation et la formation, l&rsquo;\u00e9quipe de Simthetiq fournit des produits et services flexibles qui compl\u00e8tent l&rsquo;offre d&rsquo;Imagine 4D.<\/p>\r\n<a>Consulter le site de Simthetiq<\/a><\/div>\r\n<\/div>\r\n<div class=\"col-md-6\">\r\n<div class=\"partner-img\"><img decoding=\"async\" src=\"https:\/\/imagine-4d.com\/wp-content\/themes\/imagine4d\/img\/leharris.svg\" alt=\"l3harris\">\r\n<p>L3 Mapps est un fournisseur mondial de premier plan de syst\u00e8mes de contr\u00f4le marin int\u00e9gr\u00e9s et de produits de simulation pour navires de guerre, sous-marins et dans le secteur de l&rsquo;\u00e9nergie. Ils sont revendeurs du syst\u00e8me de visualisation immersive d&rsquo;Imagine 4D sous la marque Orchid IX et un partenaire de choix dans la livraison de solutions de jumeau num\u00e9rique aux clients du monde entier. <\/p>\r\n<a>Consulter le site de Simthetiq<\/a><\/div>\r\n<\/div>\r\n<div class=\"col-md-6\">\r\n<div class=\"partner-img\"><img decoding=\"async\" src=\"https:\/\/imagine-4d.com\/wp-content\/themes\/imagine4d\/img\/leharris.svg\" alt=\"l3harris\">\r\n<p>L3 Mapps est un fournisseur mondial de premier plan de syst\u00e8mes de contr\u00f4le marin int\u00e9gr\u00e9s et de produits de simulation pour navires de guerre, sous-marins et dans le secteur de l&rsquo;\u00e9nergie. Ils sont revendeurs du syst\u00e8me de visualisation immersive d&rsquo;Imagine 4D sous la marque Orchid IX et un partenaire de choix dans la livraison de solutions de jumeau num\u00e9rique aux clients du monde entier. <\/p>\r\n<a>Consulter le site de Simthetiq<\/a><\/div>\r\n<\/div>\r\n<div class=\"col-md-6\">\r\n<div class=\"partner-img\"><img decoding=\"async\" src=\"https:\/\/imagine-4d.com\/wp-content\/themes\/imagine4d\/img\/leharris.svg\" alt=\"l3harris\">\r\n<p>L3 Mapps est un fournisseur mondial de premier plan de syst\u00e8mes de contr\u00f4le marin int\u00e9gr\u00e9s et de produits de simulation pour navires de guerre, sous-marins et dans le secteur de l&rsquo;\u00e9nergie. Ils sont revendeurs du syst\u00e8me de visualisation immersive d&rsquo;Imagine 4D sous la marque Orchid IX et un partenaire de choix dans la livraison de solutions de jumeau num\u00e9rique aux clients du monde entier. <\/p>\r\n<a>Consulter le site de Simthetiq<\/a><\/div>\r\n<\/div>\r\n<\/div>\r\n<\/div>\r\n<\/div>\r\n<!-- partner logo ends -->\r\n<div class=\"blue-bg partner-blue\">\r\n<div class=\"star-img\"><img decoding=\"async\" src=\"https:\/\/imagine-4d.com\/wp-content\/themes\/imagine4d\/img\/star.svg\" alt=\"star\"\/><\/div>\r\n<div class=\"container\">\r\n<div class=\"two-colum-product\">\r\n<div class=\"row justify-content-center align-items-center\">\r\n<div class=\"col-md-6\">\r\n<div class=\"heading\">\r\n<h2>Int\u00e9ress\u00e9 \u00e0 devenir<br\/>partenaire<br\/>d&rsquo;Imagine 4D ?<\/h2>\r\n<\/div>\r\n<\/div>\r\n<div class=\"col-md-6\">\r\n<div class=\"description\">\r\n<p>Vous avez un produit ou service qui pourrait compl\u00e9ter notre offre ? Suivez le lien ci-dessous pour contacter notre \u00e9quipe et entamer la discussion. <\/p>\r\n<div class=\"banner-btn\"><a class=\"btn-secondary\" href=\"#\">Contactez-nous <\/a><\/div>\r\n<\/div>\r\n<\/div>\r\n<\/div>\r\n<\/div>\r\n<\/div>\r\n<\/div>\r\n<!-- blue bg ends -->\r\n<div class=\"partner-btn d-flex justify-content-center align-items-center\">\r\n<div class=\"banner-btn p-0\"><a class=\"btn-secondary\" href=\"#\">\u00c0 propos<\/a> | <a class=\"btn-secondary\" href=\"#\">Leadership<\/a> | <a class=\"btn-secondary\" href=\"#\">Actualit\u00e9s<\/a> <\/div>\r\n<\/div>\r\n<!-- card slider -->\r\n<div class=\"case-study bg-light general-padding\">\r\n<div class=\"container\">\r\n<div class=\"leharris-maps\">\r\n<div class=\"row\">\r\n<div class=\"col-md-5\">\r\n<div class=\"maps-description\">\u00c9tude de cas\r\n<h4>L3HARRIS MAPS<\/h4>\r\n<p>D\u00e9couvrez comment le jumeau num\u00e9rique d&rsquo;Imagine 4D amorce la transformation num\u00e9rique de ce client, dans les domaines de la formation et des op\u00e9rations, avec une application de jumeau num\u00e9rique riche accessible \u00e0 un grand nombre de ses employ\u00e9s.<\/p>\r\n<div class=\"banner-btn\"><a class=\"btn-secondary\" href=\"#\">Lire l&rsquo;\u00e9tude de cas<\/a><\/div>\r\n<\/div>\r\n<\/div>\r\n<div class=\"col-md-7\"><img decoding=\"async\" class=\"img-fluid img-fluid\" src=\"https:\/\/imagine-4d.com\/wp-content\/themes\/imagine4d\/img\/leharrs.png\" alt=\"img\"\/><\/div>\r\n<\/div>\r\n<\/div>\r\nHistoires de r\u00e9ussite\r\n<h4>D\u00e9couvrez comment d&rsquo;autres entreprises utilisent les solutions d&rsquo;Imagine 4D pour am\u00e9liorer leurs produits et services.<\/h4>\r\n<\/div>\r\n<div class=\"product-slider\">\r\n<div class=\"case-slider\">\r\n<div class=\"swiper-wrapper\">\r\n<div class=\"project-image swiper-slide\">\r\n<div class=\"card\"><img decoding=\"async\" src=\"https:\/\/imagine-4d.com\/wp-content\/themes\/imagine4d\/img\/mapps.png\" alt=\"mapps\"\/>\r\n<div class=\"card-position\"><a class=\"btn-secondary\" href=\"#\">En apprendre davantage<\/a><\/div>\r\n<div class=\"card-body\">\r\n<h6>L3Harris Mapps<\/h6>\r\nVisualisation immersive\r\n<p>Ce texte est du Lorem Ipsum en Anglais. Section Subsidiaries. <\/p>\r\n<div class=\"card-btn\"><a class=\"btn-line\">Lire l&rsquo;\u00e9tude de cas<\/a><\/div>\r\n<\/div>\r\n<\/div>\r\n<\/div>\r\n<div class=\"project-image swiper-slide\">\r\n<div class=\"card\"><img decoding=\"async\" src=\"https:\/\/imagine-4d.com\/wp-content\/themes\/imagine4d\/img\/mapps.png\" alt=\"mapps\"\/>\r\n<div class=\"card-position\"><a class=\"btn-secondary\" href=\"#\">En apprendre davantage<\/a><\/div>\r\n<div class=\"card-body\">\r\n<h6>BARRAKA PLANT<\/h6>\r\nFORMATION\r\n<p>Ce texte est du Lorem Ipsum en Anglais. Section Subsidiaries. <\/p>\r\n<div class=\"card-btn\"><a class=\"btn-line\">Lire l&rsquo;\u00e9tude de cas<\/a><\/div>\r\n<\/div>\r\n<\/div>\r\n<\/div>\r\n<div class=\"project-image swiper-slide\">\r\n<div class=\"card\"><img decoding=\"async\" src=\"https:\/\/imagine-4d.com\/wp-content\/themes\/imagine4d\/img\/mapps.png\" alt=\"mapps\"\/>\r\n<div class=\"card-position\"><a class=\"btn-secondary\" href=\"#\">En apprendre davantage<\/a><\/div>\r\n<div class=\"card-body\">\r\n<h6>RCN NEXXT<\/h6>\r\nFORMATION\r\n<p>Ce texte est du Lorem Ipsum en Anglais. Section Subsidiaries. <\/p>\r\n<div class=\"card-btn\"><a class=\"btn-line\">Lire l&rsquo;\u00e9tude de cas<\/a><\/div>\r\n<\/div>\r\n<\/div>\r\n<\/div>\r\n<div class=\"project-image swiper-slide\">\r\n<div class=\"card\"><img decoding=\"async\" src=\"https:\/\/imagine-4d.com\/wp-content\/themes\/imagine4d\/img\/mapps.png\" alt=\"mapps\"\/>\r\n<div class=\"card-position\"><a class=\"btn-secondary\" href=\"#\">En apprendre davantage<\/a><\/div>\r\n<div class=\"card-body\">\r\n<h6>RCN NEXXT<\/h6>\r\nFORMATION\r\n<p>Ce texte est du Lorem Ipsum en Anglais. Section Subsidiaries. <\/p>\r\n<div class=\"card-btn\"><a class=\"btn-line\">Lire l&rsquo;\u00e9tude de cas<\/a><\/div>\r\n<\/div>\r\n<\/div>\r\n<\/div>\r\n<div class=\"project-image swiper-slide\">\r\n<div class=\"card\"><img decoding=\"async\" src=\"https:\/\/imagine-4d.com\/wp-content\/themes\/imagine4d\/img\/mapps.png\" alt=\"mapps\"\/>\r\n<div class=\"card-position\"><a class=\"btn-secondary\" href=\"#\">En apprendre davantage<\/a><\/div>\r\n<div class=\"card-body\">\r\n<h6>RCN NEXXT<\/h6>\r\nFORMATION\r\n<p>Ce texte est du Lorem Ipsum en Anglais. Section Subsidiaries. <\/p>\r\n<div class=\"card-btn\"><a class=\"btn-line\">Lire l&rsquo;\u00e9tude de cas<\/a><\/div>\r\n<\/div>\r\n<\/div>\r\n<\/div>\r\n<div class=\"project-image swiper-slide\">\r\n<div class=\"card\"><img decoding=\"async\" src=\"https:\/\/imagine-4d.com\/wp-content\/themes\/imagine4d\/img\/mapps.png\" alt=\"mapps\"\/>\r\n<div class=\"card-position\"><a class=\"btn-secondary\" href=\"#\">En apprendre davantage<\/a><\/div>\r\n<div class=\"card-body\">\r\n<h6>L3Harris Mapps<\/h6>\r\nVisualisation immersive\r\n<p>Ce texte est du Lorem Ipsum en Anglais. Section Subsidiaries. <\/p>\r\n<div class=\"card-btn\"><a class=\"btn-line\">Lire l&rsquo;\u00e9tude de cas<\/a><\/div>\r\n<\/div>\r\n<\/div>\r\n<\/div>\r\n<\/div>\r\n<\/div>\r\n<\/div>\r\n<\/div>\r\n","protected":false},"excerpt":{"rendered":"<p>Entreprise Partenaires technologiques Collaborer pour r\u00e9ussir Imagine 4D collabore avec des entreprises innovantes pour d\u00e9ployer des solutions qui optimisent la performance d&rsquo;entreprise et minimisent les risques. Nos affili\u00e9s comprennent des partenaires sp\u00e9cialis\u00e9s en contenu 3D et des distributeurs des produits innovants d&rsquo;Imagine 4D. Contactez-nous Experts dans la livraison de solutions visuelles immersives pour la simulation [&hellip;]<\/p>\n","protected":false},"author":2,"featured_media":0,"parent":6582,"menu_order":0,"comment_status":"closed","ping_status":"closed","template":"page-template\/page-default.php","meta":{"_monsterinsights_skip_tracking":false,"_monsterinsights_sitenote_active":false,"_monsterinsights_sitenote_note":"","_monsterinsights_sitenote_category":0,"footnotes":""},"class_list":["post-6108","page","type-page","status-publish","hentry"],"acf":[],"yoast_head":"<!-- This site is optimized with the Yoast SEO plugin v27.3 - https:\/\/yoast.com\/product\/yoast-seo-wordpress\/ -->\n<title>Filiales - Imagine 4D<\/title>\n<meta name=\"robots\" content=\"index, follow, max-snippet:-1, max-image-preview:large, max-video-preview:-1\" \/>\n<link rel=\"canonical\" href=\"https:\/\/imagine-4d.com\/fr\/entreprise\/filiales\/\" \/>\n<meta property=\"og:locale\" content=\"fr_FR\" \/>\n<meta property=\"og:type\" content=\"article\" \/>\n<meta property=\"og:title\" content=\"Filiales - Imagine 4D\" \/>\n<meta property=\"og:description\" content=\"Entreprise Partenaires technologiques Collaborer pour r\u00e9ussir Imagine 4D collabore avec des entreprises innovantes pour d\u00e9ployer des solutions qui optimisent la performance d&rsquo;entreprise et minimisent les risques. Nos affili\u00e9s comprennent des partenaires sp\u00e9cialis\u00e9s en contenu 3D et des distributeurs des produits innovants d&rsquo;Imagine 4D. Contactez-nous Experts dans la livraison de solutions visuelles immersives pour la simulation [&hellip;]\" \/>\n<meta property=\"og:url\" content=\"https:\/\/imagine-4d.com\/fr\/entreprise\/filiales\/\" \/>\n<meta property=\"og:site_name\" content=\"Imagine 4D\" \/>\n<meta property=\"article:modified_time\" content=\"2025-09-22T03:10:48+00:00\" \/>\n<meta property=\"og:image\" content=\"https:\/\/imagine-4d.com\/wp-content\/themes\/imagine4d\/img\/simthetiq.svg\" \/>\n<meta name=\"twitter:card\" content=\"summary_large_image\" \/>\n<meta name=\"twitter:label1\" content=\"Dur\u00e9e de lecture estim\u00e9e\" \/>\n\t<meta name=\"twitter:data1\" content=\"5 minutes\" \/>\n<script type=\"application\/ld+json\" class=\"yoast-schema-graph\">{\"@context\":\"https:\\\/\\\/schema.org\",\"@graph\":[{\"@type\":\"WebPage\",\"@id\":\"https:\\\/\\\/imagine-4d.com\\\/fr\\\/entreprise\\\/filiales\\\/\",\"url\":\"https:\\\/\\\/imagine-4d.com\\\/fr\\\/entreprise\\\/filiales\\\/\",\"name\":\"Filiales - Imagine 4D\",\"isPartOf\":{\"@id\":\"\\\/#website\"},\"primaryImageOfPage\":{\"@id\":\"https:\\\/\\\/imagine-4d.com\\\/fr\\\/entreprise\\\/filiales\\\/#primaryimage\"},\"image\":{\"@id\":\"https:\\\/\\\/imagine-4d.com\\\/fr\\\/entreprise\\\/filiales\\\/#primaryimage\"},\"thumbnailUrl\":\"https:\\\/\\\/imagine-4d.com\\\/wp-content\\\/themes\\\/imagine4d\\\/img\\\/simthetiq.svg\",\"datePublished\":\"2025-03-26T15:48:44+00:00\",\"dateModified\":\"2025-09-22T03:10:48+00:00\",\"breadcrumb\":{\"@id\":\"https:\\\/\\\/imagine-4d.com\\\/fr\\\/entreprise\\\/filiales\\\/#breadcrumb\"},\"inLanguage\":\"fr-FR\",\"potentialAction\":[{\"@type\":\"ReadAction\",\"target\":[\"https:\\\/\\\/imagine-4d.com\\\/fr\\\/entreprise\\\/filiales\\\/\"]}]},{\"@type\":\"ImageObject\",\"inLanguage\":\"fr-FR\",\"@id\":\"https:\\\/\\\/imagine-4d.com\\\/fr\\\/entreprise\\\/filiales\\\/#primaryimage\",\"url\":\"https:\\\/\\\/imagine-4d.com\\\/wp-content\\\/themes\\\/imagine4d\\\/img\\\/simthetiq.svg\",\"contentUrl\":\"https:\\\/\\\/imagine-4d.com\\\/wp-content\\\/themes\\\/imagine4d\\\/img\\\/simthetiq.svg\"},{\"@type\":\"BreadcrumbList\",\"@id\":\"https:\\\/\\\/imagine-4d.com\\\/fr\\\/entreprise\\\/filiales\\\/#breadcrumb\",\"itemListElement\":[{\"@type\":\"ListItem\",\"position\":1,\"name\":\"Accueil\",\"item\":\"https:\\\/\\\/imagine-4d.com\\\/fr\\\/\"},{\"@type\":\"ListItem\",\"position\":2,\"name\":\"Entreprise\",\"item\":\"https:\\\/\\\/imagine-4d.com\\\/fr\\\/entreprise\\\/\"},{\"@type\":\"ListItem\",\"position\":3,\"name\":\"Filiales\"}]},{\"@type\":\"WebSite\",\"@id\":\"\\\/#website\",\"url\":\"\\\/\",\"name\":\"Imagine 4D\",\"description\":\"Visualisation 3D et technologie immersive\",\"potentialAction\":[{\"@type\":\"SearchAction\",\"target\":{\"@type\":\"EntryPoint\",\"urlTemplate\":\"\\\/?s={search_term_string}\"},\"query-input\":{\"@type\":\"PropertyValueSpecification\",\"valueRequired\":true,\"valueName\":\"search_term_string\"}}],\"inLanguage\":\"fr-FR\"}]}<\/script>\n<!-- \/ Yoast SEO plugin. -->","yoast_head_json":{"title":"Filiales - Imagine 4D","robots":{"index":"index","follow":"follow","max-snippet":"max-snippet:-1","max-image-preview":"max-image-preview:large","max-video-preview":"max-video-preview:-1"},"canonical":"https:\/\/imagine-4d.com\/fr\/entreprise\/filiales\/","og_locale":"fr_FR","og_type":"article","og_title":"Filiales - Imagine 4D","og_description":"Entreprise Partenaires technologiques Collaborer pour r\u00e9ussir Imagine 4D collabore avec des entreprises innovantes pour d\u00e9ployer des solutions qui optimisent la performance d&rsquo;entreprise et minimisent les risques. Nos affili\u00e9s comprennent des partenaires sp\u00e9cialis\u00e9s en contenu 3D et des distributeurs des produits innovants d&rsquo;Imagine 4D. Contactez-nous Experts dans la livraison de solutions visuelles immersives pour la simulation [&hellip;]","og_url":"https:\/\/imagine-4d.com\/fr\/entreprise\/filiales\/","og_site_name":"Imagine 4D","article_modified_time":"2025-09-22T03:10:48+00:00","og_image":[{"url":"https:\/\/imagine-4d.com\/wp-content\/themes\/imagine4d\/img\/simthetiq.svg","type":"","width":"","height":""}],"twitter_card":"summary_large_image","twitter_misc":{"Dur\u00e9e de lecture estim\u00e9e":"5 minutes"},"schema":{"@context":"https:\/\/schema.org","@graph":[{"@type":"WebPage","@id":"https:\/\/imagine-4d.com\/fr\/entreprise\/filiales\/","url":"https:\/\/imagine-4d.com\/fr\/entreprise\/filiales\/","name":"Filiales - Imagine 4D","isPartOf":{"@id":"\/#website"},"primaryImageOfPage":{"@id":"https:\/\/imagine-4d.com\/fr\/entreprise\/filiales\/#primaryimage"},"image":{"@id":"https:\/\/imagine-4d.com\/fr\/entreprise\/filiales\/#primaryimage"},"thumbnailUrl":"https:\/\/imagine-4d.com\/wp-content\/themes\/imagine4d\/img\/simthetiq.svg","datePublished":"2025-03-26T15:48:44+00:00","dateModified":"2025-09-22T03:10:48+00:00","breadcrumb":{"@id":"https:\/\/imagine-4d.com\/fr\/entreprise\/filiales\/#breadcrumb"},"inLanguage":"fr-FR","potentialAction":[{"@type":"ReadAction","target":["https:\/\/imagine-4d.com\/fr\/entreprise\/filiales\/"]}]},{"@type":"ImageObject","inLanguage":"fr-FR","@id":"https:\/\/imagine-4d.com\/fr\/entreprise\/filiales\/#primaryimage","url":"https:\/\/imagine-4d.com\/wp-content\/themes\/imagine4d\/img\/simthetiq.svg","contentUrl":"https:\/\/imagine-4d.com\/wp-content\/themes\/imagine4d\/img\/simthetiq.svg"},{"@type":"BreadcrumbList","@id":"https:\/\/imagine-4d.com\/fr\/entreprise\/filiales\/#breadcrumb","itemListElement":[{"@type":"ListItem","position":1,"name":"Accueil","item":"https:\/\/imagine-4d.com\/fr\/"},{"@type":"ListItem","position":2,"name":"Entreprise","item":"https:\/\/imagine-4d.com\/fr\/entreprise\/"},{"@type":"ListItem","position":3,"name":"Filiales"}]},{"@type":"WebSite","@id":"\/#website","url":"\/","name":"Imagine 4D","description":"Visualisation 3D et technologie immersive","potentialAction":[{"@type":"SearchAction","target":{"@type":"EntryPoint","urlTemplate":"\/?s={search_term_string}"},"query-input":{"@type":"PropertyValueSpecification","valueRequired":true,"valueName":"search_term_string"}}],"inLanguage":"fr-FR"}]}},"_links":{"self":[{"href":"https:\/\/imagine-4d.com\/fr\/wp-json\/wp\/v2\/pages\/6108","targetHints":{"allow":["GET"]}}],"collection":[{"href":"https:\/\/imagine-4d.com\/fr\/wp-json\/wp\/v2\/pages"}],"about":[{"href":"https:\/\/imagine-4d.com\/fr\/wp-json\/wp\/v2\/types\/page"}],"author":[{"embeddable":true,"href":"https:\/\/imagine-4d.com\/fr\/wp-json\/wp\/v2\/users\/2"}],"replies":[{"embeddable":true,"href":"https:\/\/imagine-4d.com\/fr\/wp-json\/wp\/v2\/comments?post=6108"}],"version-history":[{"count":17,"href":"https:\/\/imagine-4d.com\/fr\/wp-json\/wp\/v2\/pages\/6108\/revisions"}],"predecessor-version":[{"id":6914,"href":"https:\/\/imagine-4d.com\/fr\/wp-json\/wp\/v2\/pages\/6108\/revisions\/6914"}],"up":[{"embeddable":true,"href":"https:\/\/imagine-4d.com\/fr\/wp-json\/wp\/v2\/pages\/6582"}],"wp:attachment":[{"href":"https:\/\/imagine-4d.com\/fr\/wp-json\/wp\/v2\/media?parent=6108"}],"curies":[{"name":"wp","href":"https:\/\/api.w.org\/{rel}","templated":true}]}}