{"id":6087,"date":"2025-03-26T15:47:33","date_gmt":"2025-03-26T15:47:33","guid":{"rendered":"https:\/\/imagine-4d.com\/entreprise\/a-propos-de\/"},"modified":"2025-09-23T16:13:18","modified_gmt":"2025-09-23T16:13:18","slug":"a-propos","status":"publish","type":"page","link":"https:\/\/imagine-4d.com\/fr\/entreprise\/a-propos\/","title":{"rendered":"\u00c0 propos"},"content":{"rendered":"","protected":false},"excerpt":{"rendered":"","protected":false},"author":2,"featured_media":0,"parent":6582,"menu_order":0,"comment_status":"closed","ping_status":"closed","template":"page-template\/page-about.php","meta":{"_monsterinsights_skip_tracking":false,"_monsterinsights_sitenote_active":false,"_monsterinsights_sitenote_note":"","_monsterinsights_sitenote_category":0,"footnotes":""},"class_list":["post-6087","page","type-page","status-publish","hentry"],"acf":[],"yoast_head":"<!-- This site is optimized with the Yoast SEO plugin v27.3 - https:\/\/yoast.com\/product\/yoast-seo-wordpress\/ -->\n<title>\u00c0 propos - Imagine 4D<\/title>\n<meta name=\"description\" content=\"Imagine 4D est une entreprise canadienne sp\u00e9cialis\u00e9e dans les logiciels de jumelage num\u00e9rique et les solutions de visualisation immersive.\" \/>\n<meta name=\"robots\" content=\"index, follow, max-snippet:-1, max-image-preview:large, max-video-preview:-1\" \/>\n<link rel=\"canonical\" href=\"https:\/\/imagine-4d.com\/fr\/entreprise\/a-propos\/\" \/>\n<meta property=\"og:locale\" content=\"fr_FR\" \/>\n<meta property=\"og:type\" content=\"article\" \/>\n<meta property=\"og:title\" content=\"\u00c0 propos - Imagine 4D\" \/>\n<meta property=\"og:description\" content=\"Imagine 4D est une entreprise canadienne sp\u00e9cialis\u00e9e dans les logiciels de jumelage num\u00e9rique et les solutions de visualisation immersive.\" \/>\n<meta property=\"og:url\" content=\"https:\/\/imagine-4d.com\/fr\/entreprise\/a-propos\/\" \/>\n<meta property=\"og:site_name\" content=\"Imagine 4D\" \/>\n<meta property=\"article:modified_time\" content=\"2025-09-23T16:13:18+00:00\" \/>\n<meta name=\"twitter:card\" content=\"summary_large_image\" \/>\n<script type=\"application\/ld+json\" class=\"yoast-schema-graph\">{\"@context\":\"https:\\\/\\\/schema.org\",\"@graph\":[{\"@type\":\"WebPage\",\"@id\":\"https:\\\/\\\/imagine-4d.com\\\/fr\\\/entreprise\\\/a-propos\\\/\",\"url\":\"https:\\\/\\\/imagine-4d.com\\\/fr\\\/entreprise\\\/a-propos\\\/\",\"name\":\"\u00c0 propos - Imagine 4D\",\"isPartOf\":{\"@id\":\"\\\/#website\"},\"datePublished\":\"2025-03-26T15:47:33+00:00\",\"dateModified\":\"2025-09-23T16:13:18+00:00\",\"description\":\"Imagine 4D est une entreprise canadienne sp\u00e9cialis\u00e9e dans les logiciels de jumelage num\u00e9rique et les solutions de visualisation immersive.\",\"breadcrumb\":{\"@id\":\"https:\\\/\\\/imagine-4d.com\\\/fr\\\/entreprise\\\/a-propos\\\/#breadcrumb\"},\"inLanguage\":\"fr-FR\",\"potentialAction\":[{\"@type\":\"ReadAction\",\"target\":[\"https:\\\/\\\/imagine-4d.com\\\/fr\\\/entreprise\\\/a-propos\\\/\"]}]},{\"@type\":\"BreadcrumbList\",\"@id\":\"https:\\\/\\\/imagine-4d.com\\\/fr\\\/entreprise\\\/a-propos\\\/#breadcrumb\",\"itemListElement\":[{\"@type\":\"ListItem\",\"position\":1,\"name\":\"Accueil\",\"item\":\"https:\\\/\\\/imagine-4d.com\\\/fr\\\/\"},{\"@type\":\"ListItem\",\"position\":2,\"name\":\"Entreprise\",\"item\":\"https:\\\/\\\/imagine-4d.com\\\/fr\\\/entreprise\\\/\"},{\"@type\":\"ListItem\",\"position\":3,\"name\":\"\u00c0 propos\"}]},{\"@type\":\"WebSite\",\"@id\":\"\\\/#website\",\"url\":\"\\\/\",\"name\":\"Imagine 4D\",\"description\":\"Visualisation 3D et technologie immersive\",\"potentialAction\":[{\"@type\":\"SearchAction\",\"target\":{\"@type\":\"EntryPoint\",\"urlTemplate\":\"\\\/?s={search_term_string}\"},\"query-input\":{\"@type\":\"PropertyValueSpecification\",\"valueRequired\":true,\"valueName\":\"search_term_string\"}}],\"inLanguage\":\"fr-FR\"}]}<\/script>\n<!-- \/ Yoast SEO plugin. -->","yoast_head_json":{"title":"\u00c0 propos - Imagine 4D","description":"Imagine 4D est une entreprise canadienne sp\u00e9cialis\u00e9e dans les logiciels de jumelage num\u00e9rique et les solutions de visualisation immersive.","robots":{"index":"index","follow":"follow","max-snippet":"max-snippet:-1","max-image-preview":"max-image-preview:large","max-video-preview":"max-video-preview:-1"},"canonical":"https:\/\/imagine-4d.com\/fr\/entreprise\/a-propos\/","og_locale":"fr_FR","og_type":"article","og_title":"\u00c0 propos - Imagine 4D","og_description":"Imagine 4D est une entreprise canadienne sp\u00e9cialis\u00e9e dans les logiciels de jumelage num\u00e9rique et les solutions de visualisation immersive.","og_url":"https:\/\/imagine-4d.com\/fr\/entreprise\/a-propos\/","og_site_name":"Imagine 4D","article_modified_time":"2025-09-23T16:13:18+00:00","twitter_card":"summary_large_image","schema":{"@context":"https:\/\/schema.org","@graph":[{"@type":"WebPage","@id":"https:\/\/imagine-4d.com\/fr\/entreprise\/a-propos\/","url":"https:\/\/imagine-4d.com\/fr\/entreprise\/a-propos\/","name":"\u00c0 propos - Imagine 4D","isPartOf":{"@id":"\/#website"},"datePublished":"2025-03-26T15:47:33+00:00","dateModified":"2025-09-23T16:13:18+00:00","description":"Imagine 4D est une entreprise canadienne sp\u00e9cialis\u00e9e dans les logiciels de jumelage num\u00e9rique et les solutions de visualisation immersive.","breadcrumb":{"@id":"https:\/\/imagine-4d.com\/fr\/entreprise\/a-propos\/#breadcrumb"},"inLanguage":"fr-FR","potentialAction":[{"@type":"ReadAction","target":["https:\/\/imagine-4d.com\/fr\/entreprise\/a-propos\/"]}]},{"@type":"BreadcrumbList","@id":"https:\/\/imagine-4d.com\/fr\/entreprise\/a-propos\/#breadcrumb","itemListElement":[{"@type":"ListItem","position":1,"name":"Accueil","item":"https:\/\/imagine-4d.com\/fr\/"},{"@type":"ListItem","position":2,"name":"Entreprise","item":"https:\/\/imagine-4d.com\/fr\/entreprise\/"},{"@type":"ListItem","position":3,"name":"\u00c0 propos"}]},{"@type":"WebSite","@id":"\/#website","url":"\/","name":"Imagine 4D","description":"Visualisation 3D et technologie immersive","potentialAction":[{"@type":"SearchAction","target":{"@type":"EntryPoint","urlTemplate":"\/?s={search_term_string}"},"query-input":{"@type":"PropertyValueSpecification","valueRequired":true,"valueName":"search_term_string"}}],"inLanguage":"fr-FR"}]}},"_links":{"self":[{"href":"https:\/\/imagine-4d.com\/fr\/wp-json\/wp\/v2\/pages\/6087","targetHints":{"allow":["GET"]}}],"collection":[{"href":"https:\/\/imagine-4d.com\/fr\/wp-json\/wp\/v2\/pages"}],"about":[{"href":"https:\/\/imagine-4d.com\/fr\/wp-json\/wp\/v2\/types\/page"}],"author":[{"embeddable":true,"href":"https:\/\/imagine-4d.com\/fr\/wp-json\/wp\/v2\/users\/2"}],"replies":[{"embeddable":true,"href":"https:\/\/imagine-4d.com\/fr\/wp-json\/wp\/v2\/comments?post=6087"}],"version-history":[{"count":4,"href":"https:\/\/imagine-4d.com\/fr\/wp-json\/wp\/v2\/pages\/6087\/revisions"}],"predecessor-version":[{"id":6254,"href":"https:\/\/imagine-4d.com\/fr\/wp-json\/wp\/v2\/pages\/6087\/revisions\/6254"}],"up":[{"embeddable":true,"href":"https:\/\/imagine-4d.com\/fr\/wp-json\/wp\/v2\/pages\/6582"}],"wp:attachment":[{"href":"https:\/\/imagine-4d.com\/fr\/wp-json\/wp\/v2\/media?parent=6087"}],"curies":[{"name":"wp","href":"https:\/\/api.w.org\/{rel}","templated":true}]}}